{"id":264,"date":"2023-09-30T11:42:35","date_gmt":"2023-09-30T09:42:35","guid":{"rendered":"https:\/\/otopo.org\/?page_id=264"},"modified":"2023-10-11T17:15:17","modified_gmt":"2023-10-11T15:15:17","slug":"le-quartier-de-la-gare-comme-futur-lieu-de-vie-a-pont-de-beauvoisin","status":"publish","type":"page","link":"https:\/\/otopo.org\/index.php\/le-quartier-de-la-gare-comme-futur-lieu-de-vie-a-pont-de-beauvoisin\/","title":{"rendered":"Le quartier de la gare comme futur lieu de vie \u00e0 Pont de Beauvoisin"},"content":{"rendered":"\n<hr class=\"wp-block-separator has-text-color has-raft-fg-alt-color has-alpha-channel-opacity has-raft-fg-alt-background-color has-background\" style=\"margin-top:var(--wp--preset--spacing--40);margin-bottom:var(--wp--preset--spacing--40)\"\/>\n\n\n\n<p class=\"has-raft-accent-color has-text-color has-small-font-size\" style=\"font-style:normal;font-weight:200\"><em><em>2022<\/em><\/em> <\/p>\n\n\n\n<p class=\"has-raft-accent-color has-text-color has-small-font-size\" style=\"font-style:normal;font-weight:200\"><em>#prospective, #projet-urbain, #p\u00e9riph\u00e9rie-urbaine<\/em><\/p>\n\n\n\n<div style=\"height:20px\" aria-hidden=\"true\" class=\"wp-block-spacer\"><\/div>\n\n\n\n<p>Pont de Beauvoisin est une ville structurante dans un territoire de campagne, dans la r\u00e9gion naturelle des Terres Froides. Actuellement carenc\u00e9e en \u00e9quipement culturel, ce projet urbain met en avant une strat\u00e9gie : profiter des nouvelles potentialit\u00e9s qu\u2019offrent l\u2019\u00e9volution du quartier de la gare pour faire \u00e9merger un \u00e9quipement culturel pour la diffusion et les pratiques locales. Un \u00e9quipement d\u2019utilit\u00e9 local, mais aussi au rayonnement interterritorial. Par la proposition d\u2019un nouvel \u00e9quipement, d\u2019un espace public au paysage soulign\u00e9 et aux nouveaux usages, ce projet propose de construire un nouvel imaginaire qui permettra de renforcer le nouveau r\u00f4le de la gare, de la rendre agr\u00e9able, confortable et vivante en montrant que les m\u00e9tropoles ne d\u00e9tiennent pas le monopole de l\u2019attractivit\u00e9 et des activit\u00e9s culturelles.<\/p>\n\n\n\n<p>Ces territoires interm\u00e9diaires ont de nombreux atouts capables de compl\u00e9ter ou proposer des alternatives aux offres m\u00e9tropolitaines. Le projet a pour objectif de permettre aux jeunes d\u2019acc\u00e9der \u00e0 la grande ville mais aussi de revenir vers leur territoire, d\u2019y rester. Un territoire aux besoins culturels importants, avec un quartier \u00e0 fort enjeux, organis\u00e9 autour d\u2019une strat\u00e9gie : rendre le quartier de gare accessible en donnant une place aux pratiques culturelles locales , et rendre les pratiques culturelles et leur diffusion accessible par un quartier de gare comme nouvelle centralit\u00e9.<\/p>\n\n\n\n<!-- default-view.php -->\n<div\n\tclass=\"ngg-galleryoverview default-view \"\n\tid=\"ngg-gallery-cf42e3fe234313c34733738f543eba74-1\">\n\n\t\t<!-- Thumbnails -->\n\t\t\t\t<div id=\"ngg-image-0\" class=\"ngg-gallery-thumbnail-box \" >\n\t\t\t\t        <div class=\"ngg-gallery-thumbnail\">\n            <a href=\"https:\/\/otopo.org\/wp-content\/gallery\/gui_pfe\/1_Gui_PFE.jpg\"\n               title=\"\"\n               data-src=\"https:\/\/otopo.org\/wp-content\/gallery\/gui_pfe\/1_Gui_PFE.jpg\"\n               data-thumbnail=\"https:\/\/otopo.org\/wp-content\/gallery\/gui_pfe\/thumbs\/thumbs_1_Gui_PFE.jpg\"\n               data-image-id=\"74\"\n               data-title=\"1_Gui_PFE\"\n               data-description=\"\"\n               data-image-slug=\"1_gui_pfe\"\n               class=\"ngg-simplelightbox\" rel=\"cf42e3fe234313c34733738f543eba74\">\n                <img\n                    title=\"1_Gui_PFE\"\n                    alt=\"1_Gui_PFE\"\n                    src=\"https:\/\/otopo.org\/wp-content\/gallery\/gui_pfe\/thumbs\/thumbs_1_Gui_PFE.jpg\"\n                    width=\"240\"\n                    height=\"160\"\n                    style=\"max-width:100%;\"\n                \/>\n            <\/a>\n        <\/div>\n\t\t\t\t\t\t\t<\/div> \n\t\t\t\n\t\t\t\t<div id=\"ngg-image-1\" class=\"ngg-gallery-thumbnail-box \" >\n\t\t\t\t        <div class=\"ngg-gallery-thumbnail\">\n            <a href=\"https:\/\/otopo.org\/wp-content\/gallery\/gui_pfe\/Screenshot-2023-10-10-at-16.00.02.png\"\n               title=\"\"\n               data-src=\"https:\/\/otopo.org\/wp-content\/gallery\/gui_pfe\/Screenshot-2023-10-10-at-16.00.02.png\"\n               data-thumbnail=\"https:\/\/otopo.org\/wp-content\/gallery\/gui_pfe\/thumbs\/thumbs_Screenshot-2023-10-10-at-16.00.02.png\"\n               data-image-id=\"104\"\n               data-title=\"Screenshot-2023-10-10-at-16.00.02\"\n               data-description=\"\"\n               data-image-slug=\"screenshot-2023-10-10-at-16-00-02\"\n               class=\"ngg-simplelightbox\" rel=\"cf42e3fe234313c34733738f543eba74\">\n                <img\n                    title=\"Screenshot-2023-10-10-at-16.00.02\"\n                    alt=\"Screenshot-2023-10-10-at-16.00.02\"\n                    src=\"https:\/\/otopo.org\/wp-content\/gallery\/gui_pfe\/thumbs\/thumbs_Screenshot-2023-10-10-at-16.00.02.png\"\n                    width=\"240\"\n                    height=\"160\"\n                    style=\"max-width:100%;\"\n                \/>\n            <\/a>\n        <\/div>\n\t\t\t\t\t\t\t<\/div> \n\t\t\t\n\t\t\t\t<div id=\"ngg-image-2\" class=\"ngg-gallery-thumbnail-box \" >\n\t\t\t\t        <div class=\"ngg-gallery-thumbnail\">\n            <a href=\"https:\/\/otopo.org\/wp-content\/gallery\/gui_pfe\/Screenshot-2023-10-10-at-15.55.01.png\"\n               title=\"\"\n               data-src=\"https:\/\/otopo.org\/wp-content\/gallery\/gui_pfe\/Screenshot-2023-10-10-at-15.55.01.png\"\n               data-thumbnail=\"https:\/\/otopo.org\/wp-content\/gallery\/gui_pfe\/thumbs\/thumbs_Screenshot-2023-10-10-at-15.55.01.png\"\n               data-image-id=\"107\"\n               data-title=\"Screenshot-2023-10-10-at-15.55.01\"\n               data-description=\"\"\n               data-image-slug=\"screenshot-2023-10-10-at-15-55-01\"\n               class=\"ngg-simplelightbox\" rel=\"cf42e3fe234313c34733738f543eba74\">\n                <img\n                    title=\"Screenshot-2023-10-10-at-15.55.01\"\n                    alt=\"Screenshot-2023-10-10-at-15.55.01\"\n                    src=\"https:\/\/otopo.org\/wp-content\/gallery\/gui_pfe\/thumbs\/thumbs_Screenshot-2023-10-10-at-15.55.01.png\"\n                    width=\"240\"\n                    height=\"160\"\n                    style=\"max-width:100%;\"\n                \/>\n            <\/a>\n        <\/div>\n\t\t\t\t\t\t\t<\/div> \n\t\t\t\n\t\t\t\t<div id=\"ngg-image-3\" class=\"ngg-gallery-thumbnail-box \" >\n\t\t\t\t        <div class=\"ngg-gallery-thumbnail\">\n            <a href=\"https:\/\/otopo.org\/wp-content\/gallery\/gui_pfe\/2_Gui_PFE.jpg\"\n               title=\"\"\n               data-src=\"https:\/\/otopo.org\/wp-content\/gallery\/gui_pfe\/2_Gui_PFE.jpg\"\n               data-thumbnail=\"https:\/\/otopo.org\/wp-content\/gallery\/gui_pfe\/thumbs\/thumbs_2_Gui_PFE.jpg\"\n               data-image-id=\"67\"\n               data-title=\"2_Gui_PFE\"\n               data-description=\"\"\n               data-image-slug=\"2_gui_pfe\"\n               class=\"ngg-simplelightbox\" rel=\"cf42e3fe234313c34733738f543eba74\">\n                <img\n                    title=\"2_Gui_PFE\"\n                    alt=\"2_Gui_PFE\"\n                    src=\"https:\/\/otopo.org\/wp-content\/gallery\/gui_pfe\/thumbs\/thumbs_2_Gui_PFE.jpg\"\n                    width=\"240\"\n                    height=\"160\"\n                    style=\"max-width:100%;\"\n                \/>\n            <\/a>\n        <\/div>\n\t\t\t\t\t\t\t<\/div> \n\t\t\t\n\t\t\t\t<div id=\"ngg-image-4\" class=\"ngg-gallery-thumbnail-box \" >\n\t\t\t\t        <div class=\"ngg-gallery-thumbnail\">\n            <a href=\"https:\/\/otopo.org\/wp-content\/gallery\/gui_pfe\/7_Gui_PFE.jpg\"\n               title=\"\"\n               data-src=\"https:\/\/otopo.org\/wp-content\/gallery\/gui_pfe\/7_Gui_PFE.jpg\"\n               data-thumbnail=\"https:\/\/otopo.org\/wp-content\/gallery\/gui_pfe\/thumbs\/thumbs_7_Gui_PFE.jpg\"\n               data-image-id=\"72\"\n               data-title=\"7_Gui_PFE\"\n               data-description=\"\"\n               data-image-slug=\"7_gui_pfe\"\n               class=\"ngg-simplelightbox\" rel=\"cf42e3fe234313c34733738f543eba74\">\n                <img\n                    title=\"7_Gui_PFE\"\n                    alt=\"7_Gui_PFE\"\n                    src=\"https:\/\/otopo.org\/wp-content\/gallery\/gui_pfe\/thumbs\/thumbs_7_Gui_PFE.jpg\"\n                    width=\"240\"\n                    height=\"160\"\n                    style=\"max-width:100%;\"\n                \/>\n            <\/a>\n        <\/div>\n\t\t\t\t\t\t\t<\/div> \n\t\t\t\n\t\t\t\t<div id=\"ngg-image-5\" class=\"ngg-gallery-thumbnail-box \" >\n\t\t\t\t        <div class=\"ngg-gallery-thumbnail\">\n            <a href=\"https:\/\/otopo.org\/wp-content\/gallery\/gui_pfe\/Screenshot-2023-10-10-at-15.59.50.png\"\n               title=\"\"\n               data-src=\"https:\/\/otopo.org\/wp-content\/gallery\/gui_pfe\/Screenshot-2023-10-10-at-15.59.50.png\"\n               data-thumbnail=\"https:\/\/otopo.org\/wp-content\/gallery\/gui_pfe\/thumbs\/thumbs_Screenshot-2023-10-10-at-15.59.50.png\"\n               data-image-id=\"105\"\n               data-title=\"Screenshot-2023-10-10-at-15.59.50\"\n               data-description=\"\"\n               data-image-slug=\"screenshot-2023-10-10-at-15-59-50\"\n               class=\"ngg-simplelightbox\" rel=\"cf42e3fe234313c34733738f543eba74\">\n                <img\n                    title=\"Screenshot-2023-10-10-at-15.59.50\"\n                    alt=\"Screenshot-2023-10-10-at-15.59.50\"\n                    src=\"https:\/\/otopo.org\/wp-content\/gallery\/gui_pfe\/thumbs\/thumbs_Screenshot-2023-10-10-at-15.59.50.png\"\n                    width=\"240\"\n                    height=\"160\"\n                    style=\"max-width:100%;\"\n                \/>\n            <\/a>\n        <\/div>\n\t\t\t\t\t\t\t<\/div> \n\t\t\t\n\t\t\t\t<div id=\"ngg-image-6\" class=\"ngg-gallery-thumbnail-box \" >\n\t\t\t\t        <div class=\"ngg-gallery-thumbnail\">\n            <a href=\"https:\/\/otopo.org\/wp-content\/gallery\/gui_pfe\/3_Gui_PFE.jpg\"\n               title=\"\"\n               data-src=\"https:\/\/otopo.org\/wp-content\/gallery\/gui_pfe\/3_Gui_PFE.jpg\"\n               data-thumbnail=\"https:\/\/otopo.org\/wp-content\/gallery\/gui_pfe\/thumbs\/thumbs_3_Gui_PFE.jpg\"\n               data-image-id=\"68\"\n               data-title=\"3_Gui_PFE\"\n               data-description=\"\"\n               data-image-slug=\"3_gui_pfe\"\n               class=\"ngg-simplelightbox\" rel=\"cf42e3fe234313c34733738f543eba74\">\n                <img\n                    title=\"3_Gui_PFE\"\n                    alt=\"3_Gui_PFE\"\n                    src=\"https:\/\/otopo.org\/wp-content\/gallery\/gui_pfe\/thumbs\/thumbs_3_Gui_PFE.jpg\"\n                    width=\"240\"\n                    height=\"160\"\n                    style=\"max-width:100%;\"\n                \/>\n            <\/a>\n        <\/div>\n\t\t\t\t\t\t\t<\/div> \n\t\t\t\n\t\t\t\t<div id=\"ngg-image-7\" class=\"ngg-gallery-thumbnail-box \" >\n\t\t\t\t        <div class=\"ngg-gallery-thumbnail\">\n            <a href=\"https:\/\/otopo.org\/wp-content\/gallery\/gui_pfe\/4_Gui_PFE.jpg\"\n               title=\"\"\n               data-src=\"https:\/\/otopo.org\/wp-content\/gallery\/gui_pfe\/4_Gui_PFE.jpg\"\n               data-thumbnail=\"https:\/\/otopo.org\/wp-content\/gallery\/gui_pfe\/thumbs\/thumbs_4_Gui_PFE.jpg\"\n               data-image-id=\"69\"\n               data-title=\"4_Gui_PFE\"\n               data-description=\"\"\n               data-image-slug=\"4_gui_pfe\"\n               class=\"ngg-simplelightbox\" rel=\"cf42e3fe234313c34733738f543eba74\">\n                <img\n                    title=\"4_Gui_PFE\"\n                    alt=\"4_Gui_PFE\"\n                    src=\"https:\/\/otopo.org\/wp-content\/gallery\/gui_pfe\/thumbs\/thumbs_4_Gui_PFE.jpg\"\n                    width=\"240\"\n                    height=\"160\"\n                    style=\"max-width:100%;\"\n                \/>\n            <\/a>\n        <\/div>\n\t\t\t\t\t\t\t<\/div> \n\t\t\t\n\t\t\t\t<div id=\"ngg-image-8\" class=\"ngg-gallery-thumbnail-box \" >\n\t\t\t\t        <div class=\"ngg-gallery-thumbnail\">\n            <a href=\"https:\/\/otopo.org\/wp-content\/gallery\/gui_pfe\/5_Gui_PFE.jpg\"\n               title=\"\"\n               data-src=\"https:\/\/otopo.org\/wp-content\/gallery\/gui_pfe\/5_Gui_PFE.jpg\"\n               data-thumbnail=\"https:\/\/otopo.org\/wp-content\/gallery\/gui_pfe\/thumbs\/thumbs_5_Gui_PFE.jpg\"\n               data-image-id=\"70\"\n               data-title=\"5_Gui_PFE\"\n               data-description=\"\"\n               data-image-slug=\"5_gui_pfe\"\n               class=\"ngg-simplelightbox\" rel=\"cf42e3fe234313c34733738f543eba74\">\n                <img\n                    title=\"5_Gui_PFE\"\n                    alt=\"5_Gui_PFE\"\n                    src=\"https:\/\/otopo.org\/wp-content\/gallery\/gui_pfe\/thumbs\/thumbs_5_Gui_PFE.jpg\"\n                    width=\"240\"\n                    height=\"160\"\n                    style=\"max-width:100%;\"\n                \/>\n            <\/a>\n        <\/div>\n\t\t\t\t\t\t\t<\/div> \n\t\t\t\n\t\t\t\t<div id=\"ngg-image-9\" class=\"ngg-gallery-thumbnail-box \" >\n\t\t\t\t        <div class=\"ngg-gallery-thumbnail\">\n            <a href=\"https:\/\/otopo.org\/wp-content\/gallery\/gui_pfe\/6_Gui_PFE.jpg\"\n               title=\"\"\n               data-src=\"https:\/\/otopo.org\/wp-content\/gallery\/gui_pfe\/6_Gui_PFE.jpg\"\n               data-thumbnail=\"https:\/\/otopo.org\/wp-content\/gallery\/gui_pfe\/thumbs\/thumbs_6_Gui_PFE.jpg\"\n               data-image-id=\"71\"\n               data-title=\"6_Gui_PFE\"\n               data-description=\"\"\n               data-image-slug=\"6_gui_pfe\"\n               class=\"ngg-simplelightbox\" rel=\"cf42e3fe234313c34733738f543eba74\">\n                <img\n                    title=\"6_Gui_PFE\"\n                    alt=\"6_Gui_PFE\"\n                    src=\"https:\/\/otopo.org\/wp-content\/gallery\/gui_pfe\/thumbs\/thumbs_6_Gui_PFE.jpg\"\n                    width=\"240\"\n                    height=\"160\"\n                    style=\"max-width:100%;\"\n                \/>\n            <\/a>\n        <\/div>\n\t\t\t\t\t\t\t<\/div> \n\t\t\t\n\t\t\t\t<div id=\"ngg-image-10\" class=\"ngg-gallery-thumbnail-box \" >\n\t\t\t\t        <div class=\"ngg-gallery-thumbnail\">\n            <a href=\"https:\/\/otopo.org\/wp-content\/gallery\/gui_pfe\/Screenshot-2023-10-10-at-15.59.18.png\"\n               title=\"\"\n               data-src=\"https:\/\/otopo.org\/wp-content\/gallery\/gui_pfe\/Screenshot-2023-10-10-at-15.59.18.png\"\n               data-thumbnail=\"https:\/\/otopo.org\/wp-content\/gallery\/gui_pfe\/thumbs\/thumbs_Screenshot-2023-10-10-at-15.59.18.png\"\n               data-image-id=\"106\"\n               data-title=\"Screenshot-2023-10-10-at-15.59.18\"\n               data-description=\"\"\n               data-image-slug=\"screenshot-2023-10-10-at-15-59-18\"\n               class=\"ngg-simplelightbox\" rel=\"cf42e3fe234313c34733738f543eba74\">\n                <img\n                    title=\"Screenshot-2023-10-10-at-15.59.18\"\n                    alt=\"Screenshot-2023-10-10-at-15.59.18\"\n                    src=\"https:\/\/otopo.org\/wp-content\/gallery\/gui_pfe\/thumbs\/thumbs_Screenshot-2023-10-10-at-15.59.18.png\"\n                    width=\"240\"\n                    height=\"160\"\n                    style=\"max-width:100%;\"\n                \/>\n            <\/a>\n        <\/div>\n\t\t\t\t\t\t\t<\/div> \n\t\t\t\n\t\t\t\t<div id=\"ngg-image-11\" class=\"ngg-gallery-thumbnail-box \" >\n\t\t\t\t        <div class=\"ngg-gallery-thumbnail\">\n            <a href=\"https:\/\/otopo.org\/wp-content\/gallery\/gui_pfe\/8_Gui_PFE.jpg\"\n               title=\"\"\n               data-src=\"https:\/\/otopo.org\/wp-content\/gallery\/gui_pfe\/8_Gui_PFE.jpg\"\n               data-thumbnail=\"https:\/\/otopo.org\/wp-content\/gallery\/gui_pfe\/thumbs\/thumbs_8_Gui_PFE.jpg\"\n               data-image-id=\"73\"\n               data-title=\"8_Gui_PFE\"\n               data-description=\"\"\n               data-image-slug=\"8_gui_pfe\"\n               class=\"ngg-simplelightbox\" rel=\"cf42e3fe234313c34733738f543eba74\">\n                <img\n                    title=\"8_Gui_PFE\"\n                    alt=\"8_Gui_PFE\"\n                    src=\"https:\/\/otopo.org\/wp-content\/gallery\/gui_pfe\/thumbs\/thumbs_8_Gui_PFE.jpg\"\n                    width=\"240\"\n                    height=\"160\"\n                    style=\"max-width:100%;\"\n                \/>\n            <\/a>\n        <\/div>\n\t\t\t\t\t\t\t<\/div> \n\t\t\t\n\t\n\t<br style=\"clear: both\" \/>\n\n\t\n\t\t<!-- Pagination -->\n\t<div class='ngg-clear'><\/div>\t<\/div>\n\n","protected":false},"excerpt":{"rendered":"<p>2022 #prospective, #projet-urbain, #p\u00e9riph\u00e9rie-urbaine Pont de Beauvoisin est une ville structurante dans un territoire de campagne, dans la r\u00e9gion naturelle des Terres Froides. Actuellement carenc\u00e9e en \u00e9quipement culturel, ce projet urbain met en avant une strat\u00e9gie : profiter des nouvelles potentialit\u00e9s qu\u2019offrent l\u2019\u00e9volution du quartier de la gare pour faire \u00e9merger un \u00e9quipement culturel pour [&hellip;]<\/p>\n","protected":false},"author":1,"featured_media":0,"parent":0,"menu_order":0,"comment_status":"closed","ping_status":"closed","template":"","meta":{"ngg_post_thumbnail":0,"footnotes":""},"class_list":["post-264","page","type-page","status-publish","hentry"],"yoast_head":"<!-- This site is optimized with the Yoast SEO plugin v21.2 - https:\/\/yoast.com\/wordpress\/plugins\/seo\/ -->\n<title>Le quartier de la gare comme futur lieu de vie \u00e0 Pont de Beauvoisin - otopo<\/title>\n<meta name=\"description\" content=\"Rendre la gare accessible gr\u00e2ce \u00e0 la culture et rendre les pratiques culturelles accessibles par un quartier de gare.\" \/>\n<meta name=\"robots\" content=\"index, follow, max-snippet:-1, max-image-preview:large, max-video-preview:-1\" \/>\n<link rel=\"canonical\" href=\"https:\/\/otopo.org\/index.php\/le-quartier-de-la-gare-comme-futur-lieu-de-vie-a-pont-de-beauvoisin\/\" \/>\n<meta property=\"og:locale\" content=\"fr_FR\" \/>\n<meta property=\"og:type\" content=\"article\" \/>\n<meta property=\"og:title\" content=\"Le quartier de la gare comme futur lieu de vie \u00e0 Pont de Beauvoisin - otopo\" \/>\n<meta property=\"og:description\" content=\"Rendre la gare accessible gr\u00e2ce \u00e0 la culture et rendre les pratiques culturelles accessibles par un quartier de gare.\" \/>\n<meta property=\"og:url\" content=\"https:\/\/otopo.org\/index.php\/le-quartier-de-la-gare-comme-futur-lieu-de-vie-a-pont-de-beauvoisin\/\" \/>\n<meta property=\"og:site_name\" content=\"otopo\" \/>\n<meta property=\"article:modified_time\" content=\"2023-10-11T15:15:17+00:00\" \/>\n<meta name=\"twitter:card\" content=\"summary_large_image\" \/>\n<meta name=\"twitter:label1\" content=\"Dur\u00e9e de lecture estim\u00e9e\" \/>\n\t<meta name=\"twitter:data1\" content=\"1 minute\" \/>\n<script type=\"application\/ld+json\" class=\"yoast-schema-graph\">{\"@context\":\"https:\/\/schema.org\",\"@graph\":[{\"@type\":\"WebPage\",\"@id\":\"https:\/\/otopo.org\/index.php\/le-quartier-de-la-gare-comme-futur-lieu-de-vie-a-pont-de-beauvoisin\/\",\"url\":\"https:\/\/otopo.org\/index.php\/le-quartier-de-la-gare-comme-futur-lieu-de-vie-a-pont-de-beauvoisin\/\",\"name\":\"Le quartier de la gare comme futur lieu de vie \u00e0 Pont de Beauvoisin - otopo\",\"isPartOf\":{\"@id\":\"https:\/\/otopo.org\/#website\"},\"datePublished\":\"2023-09-30T09:42:35+00:00\",\"dateModified\":\"2023-10-11T15:15:17+00:00\",\"description\":\"Rendre la gare accessible gr\u00e2ce \u00e0 la culture et rendre les pratiques culturelles accessibles par un quartier de gare.\",\"breadcrumb\":{\"@id\":\"https:\/\/otopo.org\/index.php\/le-quartier-de-la-gare-comme-futur-lieu-de-vie-a-pont-de-beauvoisin\/#breadcrumb\"},\"inLanguage\":\"fr-FR\",\"potentialAction\":[{\"@type\":\"ReadAction\",\"target\":[\"https:\/\/otopo.org\/index.php\/le-quartier-de-la-gare-comme-futur-lieu-de-vie-a-pont-de-beauvoisin\/\"]}]},{\"@type\":\"BreadcrumbList\",\"@id\":\"https:\/\/otopo.org\/index.php\/le-quartier-de-la-gare-comme-futur-lieu-de-vie-a-pont-de-beauvoisin\/#breadcrumb\",\"itemListElement\":[{\"@type\":\"ListItem\",\"position\":1,\"name\":\"Accueil\",\"item\":\"https:\/\/otopo.org\/\"},{\"@type\":\"ListItem\",\"position\":2,\"name\":\"Le quartier de la gare comme futur lieu de vie \u00e0 Pont de Beauvoisin\"}]},{\"@type\":\"WebSite\",\"@id\":\"https:\/\/otopo.org\/#website\",\"url\":\"https:\/\/otopo.org\/\",\"name\":\"otopo\",\"description\":\"urbanisme - programmation - concertation\",\"publisher\":{\"@id\":\"https:\/\/otopo.org\/#organization\"},\"potentialAction\":[{\"@type\":\"SearchAction\",\"target\":{\"@type\":\"EntryPoint\",\"urlTemplate\":\"https:\/\/otopo.org\/?s={search_term_string}\"},\"query-input\":\"required name=search_term_string\"}],\"inLanguage\":\"fr-FR\"},{\"@type\":\"Organization\",\"@id\":\"https:\/\/otopo.org\/#organization\",\"name\":\"otopo\",\"url\":\"https:\/\/otopo.org\/\",\"logo\":{\"@type\":\"ImageObject\",\"inLanguage\":\"fr-FR\",\"@id\":\"https:\/\/otopo.org\/#\/schema\/logo\/image\/\",\"url\":\"https:\/\/otopo.org\/wp-content\/uploads\/2023\/09\/LOGO-VECTO-2-VERT-1.png\",\"contentUrl\":\"https:\/\/otopo.org\/wp-content\/uploads\/2023\/09\/LOGO-VECTO-2-VERT-1.png\",\"width\":15083,\"height\":3435,\"caption\":\"otopo\"},\"image\":{\"@id\":\"https:\/\/otopo.org\/#\/schema\/logo\/image\/\"}}]}<\/script>\n<!-- \/ Yoast SEO plugin. -->","yoast_head_json":{"title":"Le quartier de la gare comme futur lieu de vie \u00e0 Pont de Beauvoisin - otopo","description":"Rendre la gare accessible gr\u00e2ce \u00e0 la culture et rendre les pratiques culturelles accessibles par un quartier de gare.","robots":{"index":"index","follow":"follow","max-snippet":"max-snippet:-1","max-image-preview":"max-image-preview:large","max-video-preview":"max-video-preview:-1"},"canonical":"https:\/\/otopo.org\/index.php\/le-quartier-de-la-gare-comme-futur-lieu-de-vie-a-pont-de-beauvoisin\/","og_locale":"fr_FR","og_type":"article","og_title":"Le quartier de la gare comme futur lieu de vie \u00e0 Pont de Beauvoisin - otopo","og_description":"Rendre la gare accessible gr\u00e2ce \u00e0 la culture et rendre les pratiques culturelles accessibles par un quartier de gare.","og_url":"https:\/\/otopo.org\/index.php\/le-quartier-de-la-gare-comme-futur-lieu-de-vie-a-pont-de-beauvoisin\/","og_site_name":"otopo","article_modified_time":"2023-10-11T15:15:17+00:00","twitter_card":"summary_large_image","twitter_misc":{"Dur\u00e9e de lecture estim\u00e9e":"1 minute"},"schema":{"@context":"https:\/\/schema.org","@graph":[{"@type":"WebPage","@id":"https:\/\/otopo.org\/index.php\/le-quartier-de-la-gare-comme-futur-lieu-de-vie-a-pont-de-beauvoisin\/","url":"https:\/\/otopo.org\/index.php\/le-quartier-de-la-gare-comme-futur-lieu-de-vie-a-pont-de-beauvoisin\/","name":"Le quartier de la gare comme futur lieu de vie \u00e0 Pont de Beauvoisin - otopo","isPartOf":{"@id":"https:\/\/otopo.org\/#website"},"datePublished":"2023-09-30T09:42:35+00:00","dateModified":"2023-10-11T15:15:17+00:00","description":"Rendre la gare accessible gr\u00e2ce \u00e0 la culture et rendre les pratiques culturelles accessibles par un quartier de gare.","breadcrumb":{"@id":"https:\/\/otopo.org\/index.php\/le-quartier-de-la-gare-comme-futur-lieu-de-vie-a-pont-de-beauvoisin\/#breadcrumb"},"inLanguage":"fr-FR","potentialAction":[{"@type":"ReadAction","target":["https:\/\/otopo.org\/index.php\/le-quartier-de-la-gare-comme-futur-lieu-de-vie-a-pont-de-beauvoisin\/"]}]},{"@type":"BreadcrumbList","@id":"https:\/\/otopo.org\/index.php\/le-quartier-de-la-gare-comme-futur-lieu-de-vie-a-pont-de-beauvoisin\/#breadcrumb","itemListElement":[{"@type":"ListItem","position":1,"name":"Accueil","item":"https:\/\/otopo.org\/"},{"@type":"ListItem","position":2,"name":"Le quartier de la gare comme futur lieu de vie \u00e0 Pont de Beauvoisin"}]},{"@type":"WebSite","@id":"https:\/\/otopo.org\/#website","url":"https:\/\/otopo.org\/","name":"otopo","description":"urbanisme - programmation - concertation","publisher":{"@id":"https:\/\/otopo.org\/#organization"},"potentialAction":[{"@type":"SearchAction","target":{"@type":"EntryPoint","urlTemplate":"https:\/\/otopo.org\/?s={search_term_string}"},"query-input":"required name=search_term_string"}],"inLanguage":"fr-FR"},{"@type":"Organization","@id":"https:\/\/otopo.org\/#organization","name":"otopo","url":"https:\/\/otopo.org\/","logo":{"@type":"ImageObject","inLanguage":"fr-FR","@id":"https:\/\/otopo.org\/#\/schema\/logo\/image\/","url":"https:\/\/otopo.org\/wp-content\/uploads\/2023\/09\/LOGO-VECTO-2-VERT-1.png","contentUrl":"https:\/\/otopo.org\/wp-content\/uploads\/2023\/09\/LOGO-VECTO-2-VERT-1.png","width":15083,"height":3435,"caption":"otopo"},"image":{"@id":"https:\/\/otopo.org\/#\/schema\/logo\/image\/"}}]}},"_links":{"self":[{"href":"https:\/\/otopo.org\/index.php\/wp-json\/wp\/v2\/pages\/264","targetHints":{"allow":["GET"]}}],"collection":[{"href":"https:\/\/otopo.org\/index.php\/wp-json\/wp\/v2\/pages"}],"about":[{"href":"https:\/\/otopo.org\/index.php\/wp-json\/wp\/v2\/types\/page"}],"author":[{"embeddable":true,"href":"https:\/\/otopo.org\/index.php\/wp-json\/wp\/v2\/users\/1"}],"replies":[{"embeddable":true,"href":"https:\/\/otopo.org\/index.php\/wp-json\/wp\/v2\/comments?post=264"}],"version-history":[{"count":5,"href":"https:\/\/otopo.org\/index.php\/wp-json\/wp\/v2\/pages\/264\/revisions"}],"predecessor-version":[{"id":891,"href":"https:\/\/otopo.org\/index.php\/wp-json\/wp\/v2\/pages\/264\/revisions\/891"}],"wp:attachment":[{"href":"https:\/\/otopo.org\/index.php\/wp-json\/wp\/v2\/media?parent=264"}],"curies":[{"name":"wp","href":"https:\/\/api.w.org\/{rel}","templated":true}]}}