{"id":178,"date":"2023-09-27T17:45:39","date_gmt":"2023-09-27T15:45:39","guid":{"rendered":"https:\/\/otopo.org\/?page_id=178"},"modified":"2023-10-11T17:30:19","modified_gmt":"2023-10-11T15:30:19","slug":"sensibiliser-les-paysages-post-modernes","status":"publish","type":"page","link":"https:\/\/otopo.org\/index.php\/sensibiliser-les-paysages-post-modernes\/","title":{"rendered":"Sensibiliser les paysages post-modernes"},"content":{"rendered":"\n<p class=\"has-text-align-center\">Une enqu\u00eate sur les patrimoines controvers\u00e9s<\/p>\n\n\n\n<hr class=\"wp-block-separator has-text-color has-raft-fg-alt-color has-alpha-channel-opacity has-raft-fg-alt-background-color has-background is-style-default\" style=\"margin-top:var(--wp--preset--spacing--40);margin-bottom:var(--wp--preset--spacing--40)\"\/>\n\n\n\n<p class=\"has-small-font-size\" style=\"font-style:normal;font-weight:200\"><em>2022<\/em> <\/p>\n\n\n\n<p class=\"has-small-font-size\" style=\"font-style:normal;font-weight:200\"><em>#enqu\u00eate, #photographie, #recherche-cr\u00e9ation, #collaboration-artistique<\/em><\/p>\n\n\n\n<div style=\"height:20px\" aria-hidden=\"true\" class=\"wp-block-spacer\"><\/div>\n\n\n\n<p style=\"font-style:normal;font-weight:300\">Les paysages provoquent des sentiments, des affects, des exp\u00e9riences sensibles, qui se regroupent en croyances collectives qui produisent des r\u00e9cits collectifs. Ces r\u00e9cits<\/p>\n\n\n\n<p style=\"font-style:normal;font-weight:300\">\u00e9voquent souvent des controverses, une diversit\u00e9 des lectures de ces paysages, des<\/p>\n\n\n\n<p style=\"margin-top:0;margin-right:0;margin-bottom:0;margin-left:0;font-style:normal;font-weight:300\">oppositions naissent des basculements soci\u00e9taux et des traumatismes collectifs. Dans ce travail nous nous sommes interrog\u00e9s sur les dynamiques spatiales et urbaines qui ont invent\u00e9 la ville post-socialiste et plus sp\u00e9cifiquement le quartier \u00ab Zona B5 \u00bb, situ\u00e9 \u00e0 Sofia, Bulgarie. A travers les r\u00e9cits didactiques et visuelles de 4 personnes nous avons  tent\u00e9 d\u2019\u00e9laborer un paysage collectif de ce tissu urbain et imaginer un possible \u00e9largissement de champ patrimonial qui est en train de se construire autour du quartier.<\/p>\n\n\n\n<p style=\"font-style:normal;font-weight:300\">Cette recherche-cr\u00e9ation est une collaboration avec des artistes locaux\u00b7les, des architectes sp\u00e9cialis\u00e9\u00b7es dans les patrimoines du XXe si\u00e8cle et des habitant\u00b7es du quartier. Les parcours photographiques ont r\u00e9sult\u00e9 \u00e0 la production d\u2019une<\/p>\n\n\n\n<p style=\"font-style:normal;font-weight:300\">s\u00e9rie de photos et un film qui rel\u00e8vent une grande diversit\u00e9 des regards sur le quartier.&nbsp;<\/p>\n\n\n\n<!-- default-view.php -->\n<div\n\tclass=\"ngg-galleryoverview default-view \"\n\tid=\"ngg-gallery-e39150147f998c570e0d83f5df8a1765-1\">\n\n\t\t<!-- Thumbnails -->\n\t\t\t\t<div id=\"ngg-image-0\" class=\"ngg-gallery-thumbnail-box \" >\n\t\t\t\t        <div class=\"ngg-gallery-thumbnail\">\n            <a href=\"https:\/\/otopo.org\/wp-content\/gallery\/zona_b5-1\/4_ZonaB5.png\"\n               title=\"\"\n               data-src=\"https:\/\/otopo.org\/wp-content\/gallery\/zona_b5-1\/4_ZonaB5.png\"\n               data-thumbnail=\"https:\/\/otopo.org\/wp-content\/gallery\/zona_b5-1\/thumbs\/thumbs_4_ZonaB5.png\"\n               data-image-id=\"13\"\n               data-title=\"4_ZonaB5\"\n               data-description=\"\"\n               data-image-slug=\"4_zonab5\"\n               class=\"ngg-simplelightbox\" rel=\"e39150147f998c570e0d83f5df8a1765\">\n                <img\n                    title=\"4_ZonaB5\"\n                    alt=\"4_ZonaB5\"\n                    src=\"https:\/\/otopo.org\/wp-content\/gallery\/zona_b5-1\/thumbs\/thumbs_4_ZonaB5.png\"\n                    width=\"240\"\n                    height=\"160\"\n                    style=\"max-width:100%;\"\n                \/>\n            <\/a>\n        <\/div>\n\t\t\t\t\t\t\t<\/div> \n\t\t\t\n\t\t\t\t<div id=\"ngg-image-1\" class=\"ngg-gallery-thumbnail-box \" >\n\t\t\t\t        <div class=\"ngg-gallery-thumbnail\">\n            <a href=\"https:\/\/otopo.org\/wp-content\/gallery\/zona_b5-1\/1_ZonaB5.jpg\"\n               title=\"\"\n               data-src=\"https:\/\/otopo.org\/wp-content\/gallery\/zona_b5-1\/1_ZonaB5.jpg\"\n               data-thumbnail=\"https:\/\/otopo.org\/wp-content\/gallery\/zona_b5-1\/thumbs\/thumbs_1_ZonaB5.jpg\"\n               data-image-id=\"14\"\n               data-title=\"1_ZonaB5\"\n               data-description=\"\"\n               data-image-slug=\"1_zonab5\"\n               class=\"ngg-simplelightbox\" rel=\"e39150147f998c570e0d83f5df8a1765\">\n                <img\n                    title=\"1_ZonaB5\"\n                    alt=\"1_ZonaB5\"\n                    src=\"https:\/\/otopo.org\/wp-content\/gallery\/zona_b5-1\/thumbs\/thumbs_1_ZonaB5.jpg\"\n                    width=\"240\"\n                    height=\"160\"\n                    style=\"max-width:100%;\"\n                \/>\n            <\/a>\n        <\/div>\n\t\t\t\t\t\t\t<\/div> \n\t\t\t\n\t\t\t\t<div id=\"ngg-image-2\" class=\"ngg-gallery-thumbnail-box \" >\n\t\t\t\t        <div class=\"ngg-gallery-thumbnail\">\n            <a href=\"https:\/\/otopo.org\/wp-content\/gallery\/zona_b5-1\/3_ZonaB5.jpg\"\n               title=\"\"\n               data-src=\"https:\/\/otopo.org\/wp-content\/gallery\/zona_b5-1\/3_ZonaB5.jpg\"\n               data-thumbnail=\"https:\/\/otopo.org\/wp-content\/gallery\/zona_b5-1\/thumbs\/thumbs_3_ZonaB5.jpg\"\n               data-image-id=\"15\"\n               data-title=\"3_ZonaB5\"\n               data-description=\"\"\n               data-image-slug=\"3_zonab5\"\n               class=\"ngg-simplelightbox\" rel=\"e39150147f998c570e0d83f5df8a1765\">\n                <img\n                    title=\"3_ZonaB5\"\n                    alt=\"3_ZonaB5\"\n                    src=\"https:\/\/otopo.org\/wp-content\/gallery\/zona_b5-1\/thumbs\/thumbs_3_ZonaB5.jpg\"\n                    width=\"240\"\n                    height=\"160\"\n                    style=\"max-width:100%;\"\n                \/>\n            <\/a>\n        <\/div>\n\t\t\t\t\t\t\t<\/div> \n\t\t\t\n\t\t\t\t<div id=\"ngg-image-3\" class=\"ngg-gallery-thumbnail-box \" >\n\t\t\t\t        <div class=\"ngg-gallery-thumbnail\">\n            <a href=\"https:\/\/otopo.org\/wp-content\/gallery\/zona_b5-1\/5_ZonaB5.jpg\"\n               title=\"\"\n               data-src=\"https:\/\/otopo.org\/wp-content\/gallery\/zona_b5-1\/5_ZonaB5.jpg\"\n               data-thumbnail=\"https:\/\/otopo.org\/wp-content\/gallery\/zona_b5-1\/thumbs\/thumbs_5_ZonaB5.jpg\"\n               data-image-id=\"16\"\n               data-title=\"5_ZonaB5\"\n               data-description=\"\"\n               data-image-slug=\"5_zonab5\"\n               class=\"ngg-simplelightbox\" rel=\"e39150147f998c570e0d83f5df8a1765\">\n                <img\n                    title=\"5_ZonaB5\"\n                    alt=\"5_ZonaB5\"\n                    src=\"https:\/\/otopo.org\/wp-content\/gallery\/zona_b5-1\/thumbs\/thumbs_5_ZonaB5.jpg\"\n                    width=\"240\"\n                    height=\"160\"\n                    style=\"max-width:100%;\"\n                \/>\n            <\/a>\n        <\/div>\n\t\t\t\t\t\t\t<\/div> \n\t\t\t\n\t\t\t\t<div id=\"ngg-image-4\" class=\"ngg-gallery-thumbnail-box \" >\n\t\t\t\t        <div class=\"ngg-gallery-thumbnail\">\n            <a href=\"https:\/\/otopo.org\/wp-content\/gallery\/zona_b5-1\/6_ZonaB5.jpeg\"\n               title=\"\"\n               data-src=\"https:\/\/otopo.org\/wp-content\/gallery\/zona_b5-1\/6_ZonaB5.jpeg\"\n               data-thumbnail=\"https:\/\/otopo.org\/wp-content\/gallery\/zona_b5-1\/thumbs\/thumbs_6_ZonaB5.jpeg\"\n               data-image-id=\"17\"\n               data-title=\"6_ZonaB5\"\n               data-description=\"\"\n               data-image-slug=\"6_zonab5\"\n               class=\"ngg-simplelightbox\" rel=\"e39150147f998c570e0d83f5df8a1765\">\n                <img\n                    title=\"6_ZonaB5\"\n                    alt=\"6_ZonaB5\"\n                    src=\"https:\/\/otopo.org\/wp-content\/gallery\/zona_b5-1\/thumbs\/thumbs_6_ZonaB5.jpeg\"\n                    width=\"240\"\n                    height=\"160\"\n                    style=\"max-width:100%;\"\n                \/>\n            <\/a>\n        <\/div>\n\t\t\t\t\t\t\t<\/div> \n\t\t\t\n\t\t\t\t<div id=\"ngg-image-5\" class=\"ngg-gallery-thumbnail-box \" >\n\t\t\t\t        <div class=\"ngg-gallery-thumbnail\">\n            <a href=\"https:\/\/otopo.org\/wp-content\/gallery\/zona_b5-1\/2_ZonaB5.jpeg\"\n               title=\"\"\n               data-src=\"https:\/\/otopo.org\/wp-content\/gallery\/zona_b5-1\/2_ZonaB5.jpeg\"\n               data-thumbnail=\"https:\/\/otopo.org\/wp-content\/gallery\/zona_b5-1\/thumbs\/thumbs_2_ZonaB5.jpeg\"\n               data-image-id=\"18\"\n               data-title=\"2_ZonaB5\"\n               data-description=\"\"\n               data-image-slug=\"2_zonab5\"\n               class=\"ngg-simplelightbox\" rel=\"e39150147f998c570e0d83f5df8a1765\">\n                <img\n                    title=\"2_ZonaB5\"\n                    alt=\"2_ZonaB5\"\n                    src=\"https:\/\/otopo.org\/wp-content\/gallery\/zona_b5-1\/thumbs\/thumbs_2_ZonaB5.jpeg\"\n                    width=\"240\"\n                    height=\"160\"\n                    style=\"max-width:100%;\"\n                \/>\n            <\/a>\n        <\/div>\n\t\t\t\t\t\t\t<\/div> \n\t\t\t\n\t\t\t\t<div id=\"ngg-image-6\" class=\"ngg-gallery-thumbnail-box \" >\n\t\t\t\t        <div class=\"ngg-gallery-thumbnail\">\n            <a href=\"https:\/\/otopo.org\/wp-content\/gallery\/zona_b5-1\/2.jpeg\"\n               title=\"\"\n               data-src=\"https:\/\/otopo.org\/wp-content\/gallery\/zona_b5-1\/2.jpeg\"\n               data-thumbnail=\"https:\/\/otopo.org\/wp-content\/gallery\/zona_b5-1\/thumbs\/thumbs_2.jpeg\"\n               data-image-id=\"151\"\n               data-title=\"2\"\n               data-description=\"\"\n               data-image-slug=\"2\"\n               class=\"ngg-simplelightbox\" rel=\"e39150147f998c570e0d83f5df8a1765\">\n                <img\n                    title=\"2\"\n                    alt=\"2\"\n                    src=\"https:\/\/otopo.org\/wp-content\/gallery\/zona_b5-1\/thumbs\/thumbs_2.jpeg\"\n                    width=\"240\"\n                    height=\"160\"\n                    style=\"max-width:100%;\"\n                \/>\n            <\/a>\n        <\/div>\n\t\t\t\t\t\t\t<\/div> \n\t\t\t\n\t\t\t\t<div id=\"ngg-image-7\" class=\"ngg-gallery-thumbnail-box \" >\n\t\t\t\t        <div class=\"ngg-gallery-thumbnail\">\n            <a href=\"https:\/\/otopo.org\/wp-content\/gallery\/zona_b5-1\/Screenshot-2023-10-10-at-17.51.01.png\"\n               title=\"\"\n               data-src=\"https:\/\/otopo.org\/wp-content\/gallery\/zona_b5-1\/Screenshot-2023-10-10-at-17.51.01.png\"\n               data-thumbnail=\"https:\/\/otopo.org\/wp-content\/gallery\/zona_b5-1\/thumbs\/thumbs_Screenshot-2023-10-10-at-17.51.01.png\"\n               data-image-id=\"152\"\n               data-title=\"Screenshot-2023-10-10-at-17.51.01\"\n               data-description=\"\"\n               data-image-slug=\"screenshot-2023-10-10-at-17-51-01\"\n               class=\"ngg-simplelightbox\" rel=\"e39150147f998c570e0d83f5df8a1765\">\n                <img\n                    title=\"Screenshot-2023-10-10-at-17.51.01\"\n                    alt=\"Screenshot-2023-10-10-at-17.51.01\"\n                    src=\"https:\/\/otopo.org\/wp-content\/gallery\/zona_b5-1\/thumbs\/thumbs_Screenshot-2023-10-10-at-17.51.01.png\"\n                    width=\"240\"\n                    height=\"160\"\n                    style=\"max-width:100%;\"\n                \/>\n            <\/a>\n        <\/div>\n\t\t\t\t\t\t\t<\/div> \n\t\t\t\n\t\t\t\t<div id=\"ngg-image-8\" class=\"ngg-gallery-thumbnail-box \" >\n\t\t\t\t        <div class=\"ngg-gallery-thumbnail\">\n            <a href=\"https:\/\/otopo.org\/wp-content\/gallery\/zona_b5-1\/Screenshot-2023-10-10-at-17.51.40.png\"\n               title=\"\"\n               data-src=\"https:\/\/otopo.org\/wp-content\/gallery\/zona_b5-1\/Screenshot-2023-10-10-at-17.51.40.png\"\n               data-thumbnail=\"https:\/\/otopo.org\/wp-content\/gallery\/zona_b5-1\/thumbs\/thumbs_Screenshot-2023-10-10-at-17.51.40.png\"\n               data-image-id=\"153\"\n               data-title=\"Screenshot-2023-10-10-at-17.51.40\"\n               data-description=\"\"\n               data-image-slug=\"screenshot-2023-10-10-at-17-51-40\"\n               class=\"ngg-simplelightbox\" rel=\"e39150147f998c570e0d83f5df8a1765\">\n                <img\n                    title=\"Screenshot-2023-10-10-at-17.51.40\"\n                    alt=\"Screenshot-2023-10-10-at-17.51.40\"\n                    src=\"https:\/\/otopo.org\/wp-content\/gallery\/zona_b5-1\/thumbs\/thumbs_Screenshot-2023-10-10-at-17.51.40.png\"\n                    width=\"240\"\n                    height=\"160\"\n                    style=\"max-width:100%;\"\n                \/>\n            <\/a>\n        <\/div>\n\t\t\t\t\t\t\t<\/div> \n\t\t\t\n\t\t\t\t<div id=\"ngg-image-9\" class=\"ngg-gallery-thumbnail-box \" >\n\t\t\t\t        <div class=\"ngg-gallery-thumbnail\">\n            <a href=\"https:\/\/otopo.org\/wp-content\/gallery\/zona_b5-1\/Screenshot-2023-10-10-at-17.50.47.png\"\n               title=\"\"\n               data-src=\"https:\/\/otopo.org\/wp-content\/gallery\/zona_b5-1\/Screenshot-2023-10-10-at-17.50.47.png\"\n               data-thumbnail=\"https:\/\/otopo.org\/wp-content\/gallery\/zona_b5-1\/thumbs\/thumbs_Screenshot-2023-10-10-at-17.50.47.png\"\n               data-image-id=\"154\"\n               data-title=\"Screenshot-2023-10-10-at-17.50.47\"\n               data-description=\"\"\n               data-image-slug=\"screenshot-2023-10-10-at-17-50-47\"\n               class=\"ngg-simplelightbox\" rel=\"e39150147f998c570e0d83f5df8a1765\">\n                <img\n                    title=\"Screenshot-2023-10-10-at-17.50.47\"\n                    alt=\"Screenshot-2023-10-10-at-17.50.47\"\n                    src=\"https:\/\/otopo.org\/wp-content\/gallery\/zona_b5-1\/thumbs\/thumbs_Screenshot-2023-10-10-at-17.50.47.png\"\n                    width=\"240\"\n                    height=\"160\"\n                    style=\"max-width:100%;\"\n                \/>\n            <\/a>\n        <\/div>\n\t\t\t\t\t\t\t<\/div> \n\t\t\t\n\t\t\t\t<div id=\"ngg-image-10\" class=\"ngg-gallery-thumbnail-box \" >\n\t\t\t\t        <div class=\"ngg-gallery-thumbnail\">\n            <a href=\"https:\/\/otopo.org\/wp-content\/gallery\/zona_b5-1\/1r.jpeg\"\n               title=\"\"\n               data-src=\"https:\/\/otopo.org\/wp-content\/gallery\/zona_b5-1\/1r.jpeg\"\n               data-thumbnail=\"https:\/\/otopo.org\/wp-content\/gallery\/zona_b5-1\/thumbs\/thumbs_1r.jpeg\"\n               data-image-id=\"155\"\n               data-title=\"1r\"\n               data-description=\"\"\n               data-image-slug=\"1r\"\n               class=\"ngg-simplelightbox\" rel=\"e39150147f998c570e0d83f5df8a1765\">\n                <img\n                    title=\"1r\"\n                    alt=\"1r\"\n                    src=\"https:\/\/otopo.org\/wp-content\/gallery\/zona_b5-1\/thumbs\/thumbs_1r.jpeg\"\n                    width=\"240\"\n                    height=\"160\"\n                    style=\"max-width:100%;\"\n                \/>\n            <\/a>\n        <\/div>\n\t\t\t\t\t\t\t<\/div> \n\t\t\t\n\t\n\t<br style=\"clear: both\" \/>\n\n\t\n\t\t<!-- Pagination -->\n\t<div class='ngg-clear'><\/div>\t<\/div>\n\n","protected":false},"excerpt":{"rendered":"<p>Une enqu\u00eate sur les patrimoines controvers\u00e9s 2022 #enqu\u00eate, #photographie, #recherche-cr\u00e9ation, #collaboration-artistique Les paysages provoquent des sentiments, des affects, des exp\u00e9riences sensibles, qui se regroupent en croyances collectives qui produisent des r\u00e9cits collectifs. Ces r\u00e9cits \u00e9voquent souvent des controverses, une diversit\u00e9 des lectures de ces paysages, des oppositions naissent des basculements soci\u00e9taux et des traumatismes collectifs. [&hellip;]<\/p>\n","protected":false},"author":1,"featured_media":0,"parent":0,"menu_order":0,"comment_status":"closed","ping_status":"closed","template":"","meta":{"ngg_post_thumbnail":0,"footnotes":""},"class_list":["post-178","page","type-page","status-publish","hentry"],"yoast_head":"<!-- This site is optimized with the Yoast SEO plugin v21.2 - https:\/\/yoast.com\/wordpress\/plugins\/seo\/ -->\n<title>Sensibiliser les paysages post-modernes - otopo<\/title>\n<meta name=\"description\" content=\"Recherche-cr\u00e9ation sur les paysages de la ville post-socialiste et plus sp\u00e9cifiquement du quartier \u00ab Zona B5 \u00bb \u00e0 Sofia, Bulgarie.\" \/>\n<meta name=\"robots\" content=\"index, follow, max-snippet:-1, max-image-preview:large, max-video-preview:-1\" \/>\n<link rel=\"canonical\" href=\"https:\/\/otopo.org\/index.php\/sensibiliser-les-paysages-post-modernes\/\" \/>\n<meta property=\"og:locale\" content=\"fr_FR\" \/>\n<meta property=\"og:type\" content=\"article\" \/>\n<meta property=\"og:title\" content=\"Sensibiliser les paysages post-modernes - otopo\" \/>\n<meta property=\"og:description\" content=\"Recherche-cr\u00e9ation sur les paysages de la ville post-socialiste et plus sp\u00e9cifiquement du quartier \u00ab Zona B5 \u00bb \u00e0 Sofia, Bulgarie.\" \/>\n<meta property=\"og:url\" content=\"https:\/\/otopo.org\/index.php\/sensibiliser-les-paysages-post-modernes\/\" \/>\n<meta property=\"og:site_name\" content=\"otopo\" \/>\n<meta property=\"article:modified_time\" content=\"2023-10-11T15:30:19+00:00\" \/>\n<meta name=\"twitter:card\" content=\"summary_large_image\" \/>\n<meta name=\"twitter:label1\" content=\"Dur\u00e9e de lecture estim\u00e9e\" \/>\n\t<meta name=\"twitter:data1\" content=\"1 minute\" \/>\n<script type=\"application\/ld+json\" class=\"yoast-schema-graph\">{\"@context\":\"https:\/\/schema.org\",\"@graph\":[{\"@type\":\"WebPage\",\"@id\":\"https:\/\/otopo.org\/index.php\/sensibiliser-les-paysages-post-modernes\/\",\"url\":\"https:\/\/otopo.org\/index.php\/sensibiliser-les-paysages-post-modernes\/\",\"name\":\"Sensibiliser les paysages post-modernes - otopo\",\"isPartOf\":{\"@id\":\"https:\/\/otopo.org\/#website\"},\"datePublished\":\"2023-09-27T15:45:39+00:00\",\"dateModified\":\"2023-10-11T15:30:19+00:00\",\"description\":\"Recherche-cr\u00e9ation sur les paysages de la ville post-socialiste et plus sp\u00e9cifiquement du quartier \u00ab Zona B5 \u00bb \u00e0 Sofia, Bulgarie.\",\"breadcrumb\":{\"@id\":\"https:\/\/otopo.org\/index.php\/sensibiliser-les-paysages-post-modernes\/#breadcrumb\"},\"inLanguage\":\"fr-FR\",\"potentialAction\":[{\"@type\":\"ReadAction\",\"target\":[\"https:\/\/otopo.org\/index.php\/sensibiliser-les-paysages-post-modernes\/\"]}]},{\"@type\":\"BreadcrumbList\",\"@id\":\"https:\/\/otopo.org\/index.php\/sensibiliser-les-paysages-post-modernes\/#breadcrumb\",\"itemListElement\":[{\"@type\":\"ListItem\",\"position\":1,\"name\":\"Accueil\",\"item\":\"https:\/\/otopo.org\/\"},{\"@type\":\"ListItem\",\"position\":2,\"name\":\"Sensibiliser les paysages post-modernes\"}]},{\"@type\":\"WebSite\",\"@id\":\"https:\/\/otopo.org\/#website\",\"url\":\"https:\/\/otopo.org\/\",\"name\":\"otopo\",\"description\":\"urbanisme - programmation - concertation\",\"publisher\":{\"@id\":\"https:\/\/otopo.org\/#organization\"},\"potentialAction\":[{\"@type\":\"SearchAction\",\"target\":{\"@type\":\"EntryPoint\",\"urlTemplate\":\"https:\/\/otopo.org\/?s={search_term_string}\"},\"query-input\":\"required name=search_term_string\"}],\"inLanguage\":\"fr-FR\"},{\"@type\":\"Organization\",\"@id\":\"https:\/\/otopo.org\/#organization\",\"name\":\"otopo\",\"url\":\"https:\/\/otopo.org\/\",\"logo\":{\"@type\":\"ImageObject\",\"inLanguage\":\"fr-FR\",\"@id\":\"https:\/\/otopo.org\/#\/schema\/logo\/image\/\",\"url\":\"https:\/\/otopo.org\/wp-content\/uploads\/2023\/09\/LOGO-VECTO-2-VERT-1.png\",\"contentUrl\":\"https:\/\/otopo.org\/wp-content\/uploads\/2023\/09\/LOGO-VECTO-2-VERT-1.png\",\"width\":15083,\"height\":3435,\"caption\":\"otopo\"},\"image\":{\"@id\":\"https:\/\/otopo.org\/#\/schema\/logo\/image\/\"}}]}<\/script>\n<!-- \/ Yoast SEO plugin. -->","yoast_head_json":{"title":"Sensibiliser les paysages post-modernes - otopo","description":"Recherche-cr\u00e9ation sur les paysages de la ville post-socialiste et plus sp\u00e9cifiquement du quartier \u00ab Zona B5 \u00bb \u00e0 Sofia, Bulgarie.","robots":{"index":"index","follow":"follow","max-snippet":"max-snippet:-1","max-image-preview":"max-image-preview:large","max-video-preview":"max-video-preview:-1"},"canonical":"https:\/\/otopo.org\/index.php\/sensibiliser-les-paysages-post-modernes\/","og_locale":"fr_FR","og_type":"article","og_title":"Sensibiliser les paysages post-modernes - otopo","og_description":"Recherche-cr\u00e9ation sur les paysages de la ville post-socialiste et plus sp\u00e9cifiquement du quartier \u00ab Zona B5 \u00bb \u00e0 Sofia, Bulgarie.","og_url":"https:\/\/otopo.org\/index.php\/sensibiliser-les-paysages-post-modernes\/","og_site_name":"otopo","article_modified_time":"2023-10-11T15:30:19+00:00","twitter_card":"summary_large_image","twitter_misc":{"Dur\u00e9e de lecture estim\u00e9e":"1 minute"},"schema":{"@context":"https:\/\/schema.org","@graph":[{"@type":"WebPage","@id":"https:\/\/otopo.org\/index.php\/sensibiliser-les-paysages-post-modernes\/","url":"https:\/\/otopo.org\/index.php\/sensibiliser-les-paysages-post-modernes\/","name":"Sensibiliser les paysages post-modernes - otopo","isPartOf":{"@id":"https:\/\/otopo.org\/#website"},"datePublished":"2023-09-27T15:45:39+00:00","dateModified":"2023-10-11T15:30:19+00:00","description":"Recherche-cr\u00e9ation sur les paysages de la ville post-socialiste et plus sp\u00e9cifiquement du quartier \u00ab Zona B5 \u00bb \u00e0 Sofia, Bulgarie.","breadcrumb":{"@id":"https:\/\/otopo.org\/index.php\/sensibiliser-les-paysages-post-modernes\/#breadcrumb"},"inLanguage":"fr-FR","potentialAction":[{"@type":"ReadAction","target":["https:\/\/otopo.org\/index.php\/sensibiliser-les-paysages-post-modernes\/"]}]},{"@type":"BreadcrumbList","@id":"https:\/\/otopo.org\/index.php\/sensibiliser-les-paysages-post-modernes\/#breadcrumb","itemListElement":[{"@type":"ListItem","position":1,"name":"Accueil","item":"https:\/\/otopo.org\/"},{"@type":"ListItem","position":2,"name":"Sensibiliser les paysages post-modernes"}]},{"@type":"WebSite","@id":"https:\/\/otopo.org\/#website","url":"https:\/\/otopo.org\/","name":"otopo","description":"urbanisme - programmation - concertation","publisher":{"@id":"https:\/\/otopo.org\/#organization"},"potentialAction":[{"@type":"SearchAction","target":{"@type":"EntryPoint","urlTemplate":"https:\/\/otopo.org\/?s={search_term_string}"},"query-input":"required name=search_term_string"}],"inLanguage":"fr-FR"},{"@type":"Organization","@id":"https:\/\/otopo.org\/#organization","name":"otopo","url":"https:\/\/otopo.org\/","logo":{"@type":"ImageObject","inLanguage":"fr-FR","@id":"https:\/\/otopo.org\/#\/schema\/logo\/image\/","url":"https:\/\/otopo.org\/wp-content\/uploads\/2023\/09\/LOGO-VECTO-2-VERT-1.png","contentUrl":"https:\/\/otopo.org\/wp-content\/uploads\/2023\/09\/LOGO-VECTO-2-VERT-1.png","width":15083,"height":3435,"caption":"otopo"},"image":{"@id":"https:\/\/otopo.org\/#\/schema\/logo\/image\/"}}]}},"_links":{"self":[{"href":"https:\/\/otopo.org\/index.php\/wp-json\/wp\/v2\/pages\/178","targetHints":{"allow":["GET"]}}],"collection":[{"href":"https:\/\/otopo.org\/index.php\/wp-json\/wp\/v2\/pages"}],"about":[{"href":"https:\/\/otopo.org\/index.php\/wp-json\/wp\/v2\/types\/page"}],"author":[{"embeddable":true,"href":"https:\/\/otopo.org\/index.php\/wp-json\/wp\/v2\/users\/1"}],"replies":[{"embeddable":true,"href":"https:\/\/otopo.org\/index.php\/wp-json\/wp\/v2\/comments?post=178"}],"version-history":[{"count":22,"href":"https:\/\/otopo.org\/index.php\/wp-json\/wp\/v2\/pages\/178\/revisions"}],"predecessor-version":[{"id":764,"href":"https:\/\/otopo.org\/index.php\/wp-json\/wp\/v2\/pages\/178\/revisions\/764"}],"wp:attachment":[{"href":"https:\/\/otopo.org\/index.php\/wp-json\/wp\/v2\/media?parent=178"}],"curies":[{"name":"wp","href":"https:\/\/api.w.org\/{rel}","templated":true}]}}