{"id":1490,"date":"2025-04-10T15:08:16","date_gmt":"2025-04-10T13:08:16","guid":{"rendered":"https:\/\/otopo.org\/?page_id=1490"},"modified":"2025-04-10T15:22:48","modified_gmt":"2025-04-10T13:22:48","slug":"residence-territoriale-au-col-dornon-isere","status":"publish","type":"page","link":"https:\/\/otopo.org\/index.php\/residence-territoriale-au-col-dornon-isere\/","title":{"rendered":"R\u00e9sidence territoriale au Col d\u2019Ornon (Is\u00e8re)"},"content":{"rendered":"\n<hr class=\"wp-block-separator has-text-color has-raft-fg-alt-color has-alpha-channel-opacity has-raft-fg-alt-background-color has-background\" style=\"margin-top:var(--wp--preset--spacing--40);margin-bottom:var(--wp--preset--spacing--40)\"\/>\n\n\n\n<p class=\"has-raft-accent-color has-text-color has-small-font-size\"><em>2025<\/em><\/p>\n\n\n\n<p class=\"has-raft-accent-color has-text-color has-small-font-size\"><em><em>#enqu\u00eate, #r\u00e9sidence, #prospective territoriale<\/em><\/em><\/p>\n\n\n\n<p style=\"font-size:15px\">Un projet de prospective pour la transition d\u2019un territoire de moyenne montagne<\/p>\n\n\n\n<div style=\"height:20px\" aria-hidden=\"true\" class=\"wp-block-spacer\"><\/div>\n\n\n\n<div style=\"height:20px\" aria-hidden=\"true\" class=\"wp-block-spacer\"><\/div>\n\n\n\n<p>Pendant une semaine, otopo s\u2019est immerg\u00e9e entre les vall\u00e9es de Lignarre et de la Malsanne, sur les pentes du col d\u2019Ornon. Nous sommes parti\u00b7es \u00e0 la d\u00e9couverte de ce territoire de montagne \u00e0 cheval entre la Matheysine (un plateau montagneux aux alentours de Grenoble) et le massif de l\u2019Oisans, c\u00e9l\u00e8bre pour ses grandes stations de ski.<\/p>\n\n\n\n<div style=\"height:20px\" aria-hidden=\"true\" class=\"wp-block-spacer\"><\/div>\n\n\n\n<p>Depuis le g\u00eete situ\u00e9 sur le col d\u2019Ornon, nous avons r\u00e9fl\u00e9chi au(x) futur(s) des deux vall\u00e9es qui descendent de part et d\u2019autre du col : la vall\u00e9e de la Malsanne et la vall\u00e9e de la Lignarre. Les deux vall\u00e9es peinent \u00e0 coop\u00e9rer et \u00e0 exister ensemble dans l\u2019imaginaire commun. Un fil directeur nous a suivi pendant la semaine :&nbsp; \u00e9tudier comment les vall\u00e9es interagissent, leurs cultures d\u2019habiter local et surtout les perspectives que dessine le changement climatique dans ces territoires de montagne.<\/p>\n\n\n\n<p>Nous avons d\u00e9di\u00e9 une premi\u00e8re partie de la semaine \u00e0 la r\u00e9alisation d\u2019entretiens aupr\u00e8s des habitant\u00b7es, d\u2019acteurs priv\u00e9 et public et d\u2019\u00e9lu\u00b7es qui nous ont permis de dresser un diagnostic portrait des vall\u00e9es sous forme de 5 figures :<\/p>\n\n\n\n<div style=\"height:20px\" aria-hidden=\"true\" class=\"wp-block-spacer\"><\/div>\n\n\n\n<ul class=\"wp-block-list\">\n<li>I love Col d\u2019Ornon<\/li>\n<\/ul>\n\n\n\n<ul class=\"wp-block-list\">\n<li>S\u2019autosuffire<\/li>\n<\/ul>\n\n\n\n<ul class=\"wp-block-list\">\n<li>Panier garni<\/li>\n<\/ul>\n\n\n\n<ul class=\"wp-block-list\">\n<li>Un po\u00eale et un lit chaud<\/li>\n<\/ul>\n\n\n\n<ul class=\"wp-block-list\">\n<li>Des tensions dans la vall\u00e9e<\/li>\n<\/ul>\n\n\n\n<div style=\"height:37px\" aria-hidden=\"true\" class=\"wp-block-spacer\"><\/div>\n\n\n\n<!-- default-view.php -->\n<div\n\tclass=\"ngg-galleryoverview default-view \"\n\tid=\"ngg-gallery-fd4eb77d3007e71513decba41785f9f9-1\">\n\n\t\t<!-- Thumbnails -->\n\t\t\t\t<div id=\"ngg-image-0\" class=\"ngg-gallery-thumbnail-box \" >\n\t\t\t\t        <div class=\"ngg-gallery-thumbnail\">\n            <a href=\"https:\/\/otopo.org\/wp-content\/gallery\/col-dornon\/IMG_1775.jpeg\"\n               title=\"\"\n               data-src=\"https:\/\/otopo.org\/wp-content\/gallery\/col-dornon\/IMG_1775.jpeg\"\n               data-thumbnail=\"https:\/\/otopo.org\/wp-content\/gallery\/col-dornon\/thumbs\/thumbs_IMG_1775.jpeg\"\n               data-image-id=\"282\"\n               data-title=\"Arpentage\"\n               data-description=\"\"\n               data-image-slug=\"img_1775\"\n               class=\"ngg-simplelightbox\" rel=\"fd4eb77d3007e71513decba41785f9f9\">\n                <img\n                    title=\"Arpentage\"\n                    alt=\"Arpentage\"\n                    src=\"https:\/\/otopo.org\/wp-content\/gallery\/col-dornon\/thumbs\/thumbs_IMG_1775.jpeg\"\n                    width=\"240\"\n                    height=\"160\"\n                    style=\"max-width:100%;\"\n                \/>\n            <\/a>\n        <\/div>\n\t\t\t\t\t\t\t<\/div> \n\t\t\t\n\t\t\t\t<div id=\"ngg-image-1\" class=\"ngg-gallery-thumbnail-box \" >\n\t\t\t\t        <div class=\"ngg-gallery-thumbnail\">\n            <a href=\"https:\/\/otopo.org\/wp-content\/gallery\/col-dornon\/Copie-de-IMG_1118.jpeg\"\n               title=\"\"\n               data-src=\"https:\/\/otopo.org\/wp-content\/gallery\/col-dornon\/Copie-de-IMG_1118.jpeg\"\n               data-thumbnail=\"https:\/\/otopo.org\/wp-content\/gallery\/col-dornon\/thumbs\/thumbs_Copie-de-IMG_1118.jpeg\"\n               data-image-id=\"283\"\n               data-title=\"Arpentage 2\"\n               data-description=\"\"\n               data-image-slug=\"copie-de-img_1118\"\n               class=\"ngg-simplelightbox\" rel=\"fd4eb77d3007e71513decba41785f9f9\">\n                <img\n                    title=\"Arpentage 2\"\n                    alt=\"Arpentage 2\"\n                    src=\"https:\/\/otopo.org\/wp-content\/gallery\/col-dornon\/thumbs\/thumbs_Copie-de-IMG_1118.jpeg\"\n                    width=\"240\"\n                    height=\"160\"\n                    style=\"max-width:100%;\"\n                \/>\n            <\/a>\n        <\/div>\n\t\t\t\t\t\t\t<\/div> \n\t\t\t\n\t\t\t\t<div id=\"ngg-image-2\" class=\"ngg-gallery-thumbnail-box \" >\n\t\t\t\t        <div class=\"ngg-gallery-thumbnail\">\n            <a href=\"https:\/\/otopo.org\/wp-content\/gallery\/col-dornon\/mairie-retoucher.jpg\"\n               title=\"\"\n               data-src=\"https:\/\/otopo.org\/wp-content\/gallery\/col-dornon\/mairie-retoucher.jpg\"\n               data-thumbnail=\"https:\/\/otopo.org\/wp-content\/gallery\/col-dornon\/thumbs\/thumbs_mairie-retoucher.jpg\"\n               data-image-id=\"284\"\n               data-title=\"Arpentage 3\"\n               data-description=\"\"\n               data-image-slug=\"mairie-retoucher\"\n               class=\"ngg-simplelightbox\" rel=\"fd4eb77d3007e71513decba41785f9f9\">\n                <img\n                    title=\"Arpentage 3\"\n                    alt=\"Arpentage 3\"\n                    src=\"https:\/\/otopo.org\/wp-content\/gallery\/col-dornon\/thumbs\/thumbs_mairie-retoucher.jpg\"\n                    width=\"240\"\n                    height=\"160\"\n                    style=\"max-width:100%;\"\n                \/>\n            <\/a>\n        <\/div>\n\t\t\t\t\t\t\t<\/div> \n\t\t\t\n\t\t\t\t<div id=\"ngg-image-3\" class=\"ngg-gallery-thumbnail-box \" >\n\t\t\t\t        <div class=\"ngg-gallery-thumbnail\">\n            <a href=\"https:\/\/otopo.org\/wp-content\/gallery\/col-dornon\/carto_diag-03.png\"\n               title=\"\"\n               data-src=\"https:\/\/otopo.org\/wp-content\/gallery\/col-dornon\/carto_diag-03.png\"\n               data-thumbnail=\"https:\/\/otopo.org\/wp-content\/gallery\/col-dornon\/thumbs\/thumbs_carto_diag-03.png\"\n               data-image-id=\"280\"\n               data-title=\"Carte sensible\"\n               data-description=\"\"\n               data-image-slug=\"carto_diag-03\"\n               class=\"ngg-simplelightbox\" rel=\"fd4eb77d3007e71513decba41785f9f9\">\n                <img\n                    title=\"Carte sensible\"\n                    alt=\"Carte sensible\"\n                    src=\"https:\/\/otopo.org\/wp-content\/gallery\/col-dornon\/thumbs\/thumbs_carto_diag-03.png\"\n                    width=\"240\"\n                    height=\"160\"\n                    style=\"max-width:100%;\"\n                \/>\n            <\/a>\n        <\/div>\n\t\t\t\t\t\t\t<\/div> \n\t\t\t\n\t\t\t\t<div id=\"ngg-image-4\" class=\"ngg-gallery-thumbnail-box \" >\n\t\t\t\t        <div class=\"ngg-gallery-thumbnail\">\n            <a href=\"https:\/\/otopo.org\/wp-content\/gallery\/col-dornon\/WhatsApp-Image-2025-02-09-at-21.50.06-1.jpeg\"\n               title=\"\"\n               data-src=\"https:\/\/otopo.org\/wp-content\/gallery\/col-dornon\/WhatsApp-Image-2025-02-09-at-21.50.06-1.jpeg\"\n               data-thumbnail=\"https:\/\/otopo.org\/wp-content\/gallery\/col-dornon\/thumbs\/thumbs_WhatsApp-Image-2025-02-09-at-21.50.06-1.jpeg\"\n               data-image-id=\"279\"\n               data-title=\"Journal de r\u00e9sidence\"\n               data-description=\"\"\n               data-image-slug=\"whatsapp-image-2025-02-09-at-21-50-06-1\"\n               class=\"ngg-simplelightbox\" rel=\"fd4eb77d3007e71513decba41785f9f9\">\n                <img\n                    title=\"Journal de r\u00e9sidence\"\n                    alt=\"Journal de r\u00e9sidence\"\n                    src=\"https:\/\/otopo.org\/wp-content\/gallery\/col-dornon\/thumbs\/thumbs_WhatsApp-Image-2025-02-09-at-21.50.06-1.jpeg\"\n                    width=\"240\"\n                    height=\"160\"\n                    style=\"max-width:100%;\"\n                \/>\n            <\/a>\n        <\/div>\n\t\t\t\t\t\t\t<\/div> \n\t\t\t\n\t\t\t\t<div id=\"ngg-image-5\" class=\"ngg-gallery-thumbnail-box \" >\n\t\t\t\t        <div class=\"ngg-gallery-thumbnail\">\n            <a href=\"https:\/\/otopo.org\/wp-content\/gallery\/col-dornon\/IMG_1928.jpeg\"\n               title=\"\"\n               data-src=\"https:\/\/otopo.org\/wp-content\/gallery\/col-dornon\/IMG_1928.jpeg\"\n               data-thumbnail=\"https:\/\/otopo.org\/wp-content\/gallery\/col-dornon\/thumbs\/thumbs_IMG_1928.jpeg\"\n               data-image-id=\"281\"\n               data-title=\"Restitution\"\n               data-description=\"\"\n               data-image-slug=\"img_1928\"\n               class=\"ngg-simplelightbox\" rel=\"fd4eb77d3007e71513decba41785f9f9\">\n                <img\n                    title=\"Restitution\"\n                    alt=\"Restitution\"\n                    src=\"https:\/\/otopo.org\/wp-content\/gallery\/col-dornon\/thumbs\/thumbs_IMG_1928.jpeg\"\n                    width=\"240\"\n                    height=\"160\"\n                    style=\"max-width:100%;\"\n                \/>\n            <\/a>\n        <\/div>\n\t\t\t\t\t\t\t<\/div> \n\t\t\t\n\t\n\t<br style=\"clear: both\" \/>\n\n\t\n\t\t<!-- Pagination -->\n\t<div class='ngg-clear'><\/div>\t<\/div>\n\n\n\n\n<div style=\"height:35px\" aria-hidden=\"true\" class=\"wp-block-spacer\"><\/div>\n\n\n\n<p>Pour construire les sc\u00e9narios de prospective, nous nous avons pris en compte ce \u00e0 quoi pourrait ressembler la situation climatique du territoire dans une vingtaine d\u2019ann\u00e9es.<\/p>\n\n\n\n<p>Nous avons \u00e9tudi\u00e9 la situation suivante : dans cette nouvelle situation climatique qui d\u00e9stabiliserait l\u2019\u00e9quilibre naturel et social du territoire, comment le territoire r\u00e9agirait-il et \u00e0 quoi pourrait-il ressembler en 2050 ? Quels modes de vie se d\u00e9velopperaient et au profit de qui ? Comment r\u00e9agiraient les diff\u00e9rents acteurs et habitant\u00b7es du territoire ? Quels seraient les r\u00f4les des acteurs publics, des habitant\u00b7es et des associations dans ces \u00e9volutions ?&nbsp;<\/p>\n\n\n\n<div class=\"wp-block-media-text has-media-on-the-right is-stacked-on-mobile\" style=\"grid-template-columns:auto 46%\"><div class=\"wp-block-media-text__content\">\n<p><strong>Vall\u00e9es cultiv\u00e9es<\/strong><\/p>\n\n\n\n<p>\u200bConsciente des risques climatiques croissants et de la vuln\u00e9rabilit\u00e9 de la vall\u00e9e, la population locale organise son mode de vie autour de la gestion des crues des torrents et des \u00e9pisodes de s\u00e9cheresse. La solidarit\u00e9 habitante est pouss\u00e9e \u00e0 son paroxysme avec la cr\u00e9ation de la Communaut\u00e9 d\u2019Ornon qui prend le dessus sur l\u2019action publique. La Communaut\u00e9 fait le choix d\u2019abandonner le tourisme en faveur d\u2019un d\u00e9veloppement des activit\u00e9s de subsistance.<\/p>\n<\/div><figure class=\"wp-block-media-text__media\"><img loading=\"lazy\" decoding=\"async\" width=\"1024\" height=\"800\" src=\"https:\/\/otopo.org\/wp-content\/uploads\/2025\/04\/Illustration-S1-vf-1-1024x800.png\" alt=\"\" class=\"wp-image-1492 size-full\" srcset=\"https:\/\/otopo.org\/wp-content\/uploads\/2025\/04\/Illustration-S1-vf-1-1024x800.png 1024w, https:\/\/otopo.org\/wp-content\/uploads\/2025\/04\/Illustration-S1-vf-1-300x234.png 300w, https:\/\/otopo.org\/wp-content\/uploads\/2025\/04\/Illustration-S1-vf-1-768x600.png 768w, https:\/\/otopo.org\/wp-content\/uploads\/2025\/04\/Illustration-S1-vf-1-1536x1200.png 1536w, https:\/\/otopo.org\/wp-content\/uploads\/2025\/04\/Illustration-S1-vf-1-2048x1600.png 2048w\" sizes=\"auto, (max-width: 1024px) 100vw, 1024px\" \/><\/figure><\/div>\n\n\n\n<div style=\"height:20px\" aria-hidden=\"true\" class=\"wp-block-spacer\"><\/div>\n\n\n\n<div class=\"wp-block-media-text is-stacked-on-mobile\"><figure class=\"wp-block-media-text__media\"><img loading=\"lazy\" decoding=\"async\" width=\"1024\" height=\"687\" src=\"https:\/\/otopo.org\/wp-content\/uploads\/2025\/04\/ILLUSTRATION-SCENARIO-2-1024x687.png\" alt=\"\" class=\"wp-image-1494 size-full\" srcset=\"https:\/\/otopo.org\/wp-content\/uploads\/2025\/04\/ILLUSTRATION-SCENARIO-2-1024x687.png 1024w, https:\/\/otopo.org\/wp-content\/uploads\/2025\/04\/ILLUSTRATION-SCENARIO-2-300x201.png 300w, https:\/\/otopo.org\/wp-content\/uploads\/2025\/04\/ILLUSTRATION-SCENARIO-2-768x515.png 768w, https:\/\/otopo.org\/wp-content\/uploads\/2025\/04\/ILLUSTRATION-SCENARIO-2-1536x1030.png 1536w, https:\/\/otopo.org\/wp-content\/uploads\/2025\/04\/ILLUSTRATION-SCENARIO-2-2048x1373.png 2048w\" sizes=\"auto, (max-width: 1024px) 100vw, 1024px\" \/><\/figure><div class=\"wp-block-media-text__content\">\n<p><strong>Vall\u00e9es refuges<\/strong><\/p>\n\n\n\n<p>Dans les plaines et les territoires de basse altitude, le climat devient daDans les plaines et les territoires de basse altitude, le climat devient dangereusement chaud et sec en 2050. Les vall\u00e9es alpines deviennent alors de v\u00e9ritables refuges climatiques, capables d\u2019accueillir de nouvelles populations.<\/p>\n<\/div><\/div>\n\n\n\n<div style=\"height:20px\" aria-hidden=\"true\" class=\"wp-block-spacer\"><\/div>\n\n\n\n<div class=\"wp-block-media-text has-media-on-the-right is-stacked-on-mobile\" style=\"grid-template-columns:auto 44%\"><div class=\"wp-block-media-text__content\">\n<p><strong>Vall\u00e9es vitrines<\/strong><\/p>\n\n\n\n<p>Le contexte de d\u00e9r\u00e8glement climatique provoque des p\u00e9riodes caniculaires importantes dans les grandes m\u00e9tropoles voisines (Lyon, Grenoble) et impacte le rythme des saisons.&nbsp;<\/p>\n\n\n\n<p class=\"has-text-align-left\">Le tourisme r\u00e9gional se d\u00e9veloppe alors dans les deux vall\u00e9es de la Lignarre et de la Malsanne pour trouver fra\u00eecheur et territoire authentique de montagne. Les deux vall\u00e9es deviennent l\u2019objet d\u2019un marketing territorial fort bas\u00e9 sur une fr\u00e9quentation li\u00e9e \u00e0 la saisonnalit\u00e9.<\/p>\n<\/div><figure class=\"wp-block-media-text__media\"><img loading=\"lazy\" decoding=\"async\" width=\"986\" height=\"1024\" src=\"https:\/\/otopo.org\/wp-content\/uploads\/2025\/04\/Illu-S3-legendee-1-986x1024.png\" alt=\"\" class=\"wp-image-1495 size-full\" srcset=\"https:\/\/otopo.org\/wp-content\/uploads\/2025\/04\/Illu-S3-legendee-1-986x1024.png 986w, https:\/\/otopo.org\/wp-content\/uploads\/2025\/04\/Illu-S3-legendee-1-289x300.png 289w, https:\/\/otopo.org\/wp-content\/uploads\/2025\/04\/Illu-S3-legendee-1-768x798.png 768w, https:\/\/otopo.org\/wp-content\/uploads\/2025\/04\/Illu-S3-legendee-1.png 1144w\" sizes=\"auto, (max-width: 986px) 100vw, 986px\" \/><\/figure><\/div>\n","protected":false},"excerpt":{"rendered":"<p>2025 #enqu\u00eate, #r\u00e9sidence, #prospective territoriale Un projet de prospective pour la transition d\u2019un territoire de moyenne montagne Pendant une semaine, otopo s\u2019est immerg\u00e9e entre les vall\u00e9es de Lignarre et de la Malsanne, sur les pentes du col d\u2019Ornon. Nous sommes parti\u00b7es \u00e0 la d\u00e9couverte de ce territoire de montagne \u00e0 cheval entre la Matheysine (un [&hellip;]<\/p>\n","protected":false},"author":1,"featured_media":0,"parent":0,"menu_order":0,"comment_status":"closed","ping_status":"closed","template":"","meta":{"ngg_post_thumbnail":0,"footnotes":""},"class_list":["post-1490","page","type-page","status-publish","hentry"],"yoast_head":"<!-- This site is optimized with the Yoast SEO plugin v21.2 - https:\/\/yoast.com\/wordpress\/plugins\/seo\/ -->\n<title>R\u00e9sidence territoriale au Col d\u2019Ornon (Is\u00e8re) - otopo<\/title>\n<meta name=\"robots\" content=\"index, follow, max-snippet:-1, max-image-preview:large, max-video-preview:-1\" \/>\n<link rel=\"canonical\" href=\"https:\/\/otopo.org\/index.php\/residence-territoriale-au-col-dornon-isere\/\" \/>\n<meta property=\"og:locale\" content=\"fr_FR\" \/>\n<meta property=\"og:type\" content=\"article\" \/>\n<meta property=\"og:title\" content=\"R\u00e9sidence territoriale au Col d\u2019Ornon (Is\u00e8re) - otopo\" \/>\n<meta property=\"og:description\" content=\"2025 #enqu\u00eate, #r\u00e9sidence, #prospective territoriale Un projet de prospective pour la transition d\u2019un territoire de moyenne montagne Pendant une semaine, otopo s\u2019est immerg\u00e9e entre les vall\u00e9es de Lignarre et de la Malsanne, sur les pentes du col d\u2019Ornon. Nous sommes parti\u00b7es \u00e0 la d\u00e9couverte de ce territoire de montagne \u00e0 cheval entre la Matheysine (un [&hellip;]\" \/>\n<meta property=\"og:url\" content=\"https:\/\/otopo.org\/index.php\/residence-territoriale-au-col-dornon-isere\/\" \/>\n<meta property=\"og:site_name\" content=\"otopo\" \/>\n<meta property=\"article:modified_time\" content=\"2025-04-10T13:22:48+00:00\" \/>\n<meta property=\"og:image\" content=\"https:\/\/otopo.org\/wp-content\/uploads\/2025\/04\/Illustration-S1-vf-1-1024x800.png\" \/>\n<meta name=\"twitter:card\" content=\"summary_large_image\" \/>\n<meta name=\"twitter:label1\" content=\"Dur\u00e9e de lecture estim\u00e9e\" \/>\n\t<meta name=\"twitter:data1\" content=\"4 minutes\" \/>\n<script type=\"application\/ld+json\" class=\"yoast-schema-graph\">{\"@context\":\"https:\/\/schema.org\",\"@graph\":[{\"@type\":\"WebPage\",\"@id\":\"https:\/\/otopo.org\/index.php\/residence-territoriale-au-col-dornon-isere\/\",\"url\":\"https:\/\/otopo.org\/index.php\/residence-territoriale-au-col-dornon-isere\/\",\"name\":\"R\u00e9sidence territoriale au Col d\u2019Ornon (Is\u00e8re) - otopo\",\"isPartOf\":{\"@id\":\"https:\/\/otopo.org\/#website\"},\"datePublished\":\"2025-04-10T13:08:16+00:00\",\"dateModified\":\"2025-04-10T13:22:48+00:00\",\"breadcrumb\":{\"@id\":\"https:\/\/otopo.org\/index.php\/residence-territoriale-au-col-dornon-isere\/#breadcrumb\"},\"inLanguage\":\"fr-FR\",\"potentialAction\":[{\"@type\":\"ReadAction\",\"target\":[\"https:\/\/otopo.org\/index.php\/residence-territoriale-au-col-dornon-isere\/\"]}]},{\"@type\":\"BreadcrumbList\",\"@id\":\"https:\/\/otopo.org\/index.php\/residence-territoriale-au-col-dornon-isere\/#breadcrumb\",\"itemListElement\":[{\"@type\":\"ListItem\",\"position\":1,\"name\":\"Accueil\",\"item\":\"https:\/\/otopo.org\/\"},{\"@type\":\"ListItem\",\"position\":2,\"name\":\"R\u00e9sidence territoriale au Col d\u2019Ornon (Is\u00e8re)\"}]},{\"@type\":\"WebSite\",\"@id\":\"https:\/\/otopo.org\/#website\",\"url\":\"https:\/\/otopo.org\/\",\"name\":\"otopo\",\"description\":\"urbanisme - programmation - concertation\",\"publisher\":{\"@id\":\"https:\/\/otopo.org\/#organization\"},\"potentialAction\":[{\"@type\":\"SearchAction\",\"target\":{\"@type\":\"EntryPoint\",\"urlTemplate\":\"https:\/\/otopo.org\/?s={search_term_string}\"},\"query-input\":\"required name=search_term_string\"}],\"inLanguage\":\"fr-FR\"},{\"@type\":\"Organization\",\"@id\":\"https:\/\/otopo.org\/#organization\",\"name\":\"otopo\",\"url\":\"https:\/\/otopo.org\/\",\"logo\":{\"@type\":\"ImageObject\",\"inLanguage\":\"fr-FR\",\"@id\":\"https:\/\/otopo.org\/#\/schema\/logo\/image\/\",\"url\":\"https:\/\/otopo.org\/wp-content\/uploads\/2023\/09\/LOGO-VECTO-2-VERT-1.png\",\"contentUrl\":\"https:\/\/otopo.org\/wp-content\/uploads\/2023\/09\/LOGO-VECTO-2-VERT-1.png\",\"width\":15083,\"height\":3435,\"caption\":\"otopo\"},\"image\":{\"@id\":\"https:\/\/otopo.org\/#\/schema\/logo\/image\/\"}}]}<\/script>\n<!-- \/ Yoast SEO plugin. -->","yoast_head_json":{"title":"R\u00e9sidence territoriale au Col d\u2019Ornon (Is\u00e8re) - otopo","robots":{"index":"index","follow":"follow","max-snippet":"max-snippet:-1","max-image-preview":"max-image-preview:large","max-video-preview":"max-video-preview:-1"},"canonical":"https:\/\/otopo.org\/index.php\/residence-territoriale-au-col-dornon-isere\/","og_locale":"fr_FR","og_type":"article","og_title":"R\u00e9sidence territoriale au Col d\u2019Ornon (Is\u00e8re) - otopo","og_description":"2025 #enqu\u00eate, #r\u00e9sidence, #prospective territoriale Un projet de prospective pour la transition d\u2019un territoire de moyenne montagne Pendant une semaine, otopo s\u2019est immerg\u00e9e entre les vall\u00e9es de Lignarre et de la Malsanne, sur les pentes du col d\u2019Ornon. Nous sommes parti\u00b7es \u00e0 la d\u00e9couverte de ce territoire de montagne \u00e0 cheval entre la Matheysine (un [&hellip;]","og_url":"https:\/\/otopo.org\/index.php\/residence-territoriale-au-col-dornon-isere\/","og_site_name":"otopo","article_modified_time":"2025-04-10T13:22:48+00:00","og_image":[{"url":"https:\/\/otopo.org\/wp-content\/uploads\/2025\/04\/Illustration-S1-vf-1-1024x800.png"}],"twitter_card":"summary_large_image","twitter_misc":{"Dur\u00e9e de lecture estim\u00e9e":"4 minutes"},"schema":{"@context":"https:\/\/schema.org","@graph":[{"@type":"WebPage","@id":"https:\/\/otopo.org\/index.php\/residence-territoriale-au-col-dornon-isere\/","url":"https:\/\/otopo.org\/index.php\/residence-territoriale-au-col-dornon-isere\/","name":"R\u00e9sidence territoriale au Col d\u2019Ornon (Is\u00e8re) - otopo","isPartOf":{"@id":"https:\/\/otopo.org\/#website"},"datePublished":"2025-04-10T13:08:16+00:00","dateModified":"2025-04-10T13:22:48+00:00","breadcrumb":{"@id":"https:\/\/otopo.org\/index.php\/residence-territoriale-au-col-dornon-isere\/#breadcrumb"},"inLanguage":"fr-FR","potentialAction":[{"@type":"ReadAction","target":["https:\/\/otopo.org\/index.php\/residence-territoriale-au-col-dornon-isere\/"]}]},{"@type":"BreadcrumbList","@id":"https:\/\/otopo.org\/index.php\/residence-territoriale-au-col-dornon-isere\/#breadcrumb","itemListElement":[{"@type":"ListItem","position":1,"name":"Accueil","item":"https:\/\/otopo.org\/"},{"@type":"ListItem","position":2,"name":"R\u00e9sidence territoriale au Col d\u2019Ornon (Is\u00e8re)"}]},{"@type":"WebSite","@id":"https:\/\/otopo.org\/#website","url":"https:\/\/otopo.org\/","name":"otopo","description":"urbanisme - programmation - concertation","publisher":{"@id":"https:\/\/otopo.org\/#organization"},"potentialAction":[{"@type":"SearchAction","target":{"@type":"EntryPoint","urlTemplate":"https:\/\/otopo.org\/?s={search_term_string}"},"query-input":"required name=search_term_string"}],"inLanguage":"fr-FR"},{"@type":"Organization","@id":"https:\/\/otopo.org\/#organization","name":"otopo","url":"https:\/\/otopo.org\/","logo":{"@type":"ImageObject","inLanguage":"fr-FR","@id":"https:\/\/otopo.org\/#\/schema\/logo\/image\/","url":"https:\/\/otopo.org\/wp-content\/uploads\/2023\/09\/LOGO-VECTO-2-VERT-1.png","contentUrl":"https:\/\/otopo.org\/wp-content\/uploads\/2023\/09\/LOGO-VECTO-2-VERT-1.png","width":15083,"height":3435,"caption":"otopo"},"image":{"@id":"https:\/\/otopo.org\/#\/schema\/logo\/image\/"}}]}},"_links":{"self":[{"href":"https:\/\/otopo.org\/index.php\/wp-json\/wp\/v2\/pages\/1490","targetHints":{"allow":["GET"]}}],"collection":[{"href":"https:\/\/otopo.org\/index.php\/wp-json\/wp\/v2\/pages"}],"about":[{"href":"https:\/\/otopo.org\/index.php\/wp-json\/wp\/v2\/types\/page"}],"author":[{"embeddable":true,"href":"https:\/\/otopo.org\/index.php\/wp-json\/wp\/v2\/users\/1"}],"replies":[{"embeddable":true,"href":"https:\/\/otopo.org\/index.php\/wp-json\/wp\/v2\/comments?post=1490"}],"version-history":[{"count":4,"href":"https:\/\/otopo.org\/index.php\/wp-json\/wp\/v2\/pages\/1490\/revisions"}],"predecessor-version":[{"id":1525,"href":"https:\/\/otopo.org\/index.php\/wp-json\/wp\/v2\/pages\/1490\/revisions\/1525"}],"wp:attachment":[{"href":"https:\/\/otopo.org\/index.php\/wp-json\/wp\/v2\/media?parent=1490"}],"curies":[{"name":"wp","href":"https:\/\/api.w.org\/{rel}","templated":true}]}}