{"id":1075,"date":"2024-05-13T14:22:35","date_gmt":"2024-05-13T12:22:35","guid":{"rendered":"https:\/\/otopo.org\/?page_id=1075"},"modified":"2024-05-13T14:22:36","modified_gmt":"2024-05-13T12:22:36","slug":"genets-2050-2100-un-comite-de-submersion-comme-projet-pilote-dune-vie-avec-leau","status":"publish","type":"page","link":"https:\/\/otopo.org\/index.php\/genets-2050-2100-un-comite-de-submersion-comme-projet-pilote-dune-vie-avec-leau\/","title":{"rendered":"Gen\u00eats 2050 &#8211; 2100. Un comit\u00e9 de submersion comme projet pilote d&rsquo;une vie avec l&rsquo;eau."},"content":{"rendered":"\n<hr class=\"wp-block-separator has-text-color has-raft-fg-alt-color has-alpha-channel-opacity has-raft-fg-alt-background-color has-background\" style=\"margin-top:var(--wp--preset--spacing--40);margin-bottom:var(--wp--preset--spacing--40)\"\/>\n\n\n\n<p class=\"has-raft-accent-color has-text-color has-small-font-size\" style=\"font-style:normal;font-weight:200\"><em>2024<\/em><\/p>\n\n\n\n<p class=\"has-raft-accent-color has-text-color has-small-font-size\" style=\"font-style:normal;font-weight:200\"><em><em><em><em>#prospective, #r\u00e9silience, #transition<\/em><\/em><\/em><\/em><\/p>\n\n\n\n<div style=\"height:20px\" aria-hidden=\"true\" class=\"wp-block-spacer\"><\/div>\n\n\n\n<p>\u00ab\u00a0Nous avons \u00e9t\u00e9 r\u00e9compens\u00e9s dans cet appel \u00e0 id\u00e9es organis\u00e9 par le d\u00e9partement de la Manche et le CAUE de la Manche, concernant la commune littorale de Genet, proche du Mont Saint-Michel. L&rsquo;initiative \u00ab\u00a0Empreintes, habiter le littoral manchois en 2050\u00a0\u00bb s&rsquo;inscrit dans le d\u00e9fi de l&rsquo;\u00e9l\u00e9vation du niveau de la mer qui concerne tous les littoraux. Ce concours vise \u00e0 mettre en avant les \u00ab\u00a0possibles\u00a0\u00bb de demain.<\/p>\n\n\n\n<div style=\"height:20px\" aria-hidden=\"true\" class=\"wp-block-spacer\"><\/div>\n\n\n\n<p>Notre projet part du constat que la modification du paysage littoral entra\u00eenera une r\u00e9organisation des fronti\u00e8res entre fonctions urbaines, activit\u00e9s et propri\u00e9t\u00e9s. La transition de trois activit\u00e9s phares (artisanat, agriculture et tourisme) vers un mod\u00e8le plus en harmonie avec l&rsquo;environnement naturel n\u00e9cessite des interventions spatiales fines ainsi que la mobilisation d&rsquo;outils et d&rsquo;acteurs afin de construire des coop\u00e9rations favorisant l&rsquo;habitabilit\u00e9 d&rsquo;un littoral submersible. Face \u00e0 l&rsquo;\u00e9volution rapide de l&rsquo;environnement naturel, nous mettons l&rsquo;accent sur la transformation du rapport \u00e0 la propri\u00e9t\u00e9 (passant d&rsquo;une propri\u00e9t\u00e9 priv\u00e9e \u00e0 une propri\u00e9t\u00e9 collective), du rapport \u00e0 la nature (adopter une approche de collaboration plut\u00f4t qu&rsquo;une opposition) et du rapport \u00e0 autrui (se r\u00e9approprier son territoire gr\u00e2ce \u00e0 une solidarit\u00e9 locale).<\/p>\n\n\n\n<div style=\"height:20px\" aria-hidden=\"true\" class=\"wp-block-spacer\"><\/div>\n\n\n\n<p>Plut\u00f4t que de chercher une projection pr\u00e9cise de la vie du territoire pour les horizons 2050 et 2100, nous nous concentrons sur les processus de transformation du territoire pour les 30 \u00e0 70 prochaines ann\u00e9es. Dans ce processus, chaque modification du b\u00e2ti, de l&rsquo;espace public et des activit\u00e9s entra\u00eenera un ajustement des \u00e9tapes suivantes, chaque \u00e9volution laissant ainsi son empreinte sur le futur du territoire.<\/p>\n\n\n\n<div style=\"height:20px\" aria-hidden=\"true\" class=\"wp-block-spacer\"><\/div>\n\n\n\n<p>Ces sc\u00e9narios reposent tous sur la mise en place d&rsquo;une infrastructure locale de r\u00e9silience et la cr\u00e9ation d&rsquo;un \u00ab comit\u00e9 local de submersion \u00bb, favorisant la mise en place de conditions d&rsquo;entraide et de gouvernance n\u00e9cessaires \u00e0 une cohabitation avec l&rsquo;eau.\u00a0\u00bb<\/p>\n\n\n\n<div style=\"height:20px\" aria-hidden=\"true\" class=\"wp-block-spacer\"><\/div>\n\n\n\n<!-- default-view.php -->\n<div\n\tclass=\"ngg-galleryoverview default-view \"\n\tid=\"ngg-gallery-25a54a2ef6b81f71d55ae2278a0fafd9-1\">\n\n\t\t<!-- Thumbnails -->\n\t\t\t\t<div id=\"ngg-image-0\" class=\"ngg-gallery-thumbnail-box \" >\n\t\t\t\t        <div class=\"ngg-gallery-thumbnail\">\n            <a href=\"https:\/\/otopo.org\/wp-content\/gallery\/genet\/site-2.jpg\"\n               title=\"\"\n               data-src=\"https:\/\/otopo.org\/wp-content\/gallery\/genet\/site-2.jpg\"\n               data-thumbnail=\"https:\/\/otopo.org\/wp-content\/gallery\/genet\/thumbs\/thumbs_site-2.jpg\"\n               data-image-id=\"252\"\n               data-title=\"site-2\"\n               data-description=\"\"\n               data-image-slug=\"site-2-1\"\n               class=\"ngg-simplelightbox\" rel=\"25a54a2ef6b81f71d55ae2278a0fafd9\">\n                <img\n                    title=\"site-2\"\n                    alt=\"site-2\"\n                    src=\"https:\/\/otopo.org\/wp-content\/gallery\/genet\/thumbs\/thumbs_site-2.jpg\"\n                    width=\"240\"\n                    height=\"160\"\n                    style=\"max-width:100%;\"\n                \/>\n            <\/a>\n        <\/div>\n\t\t\t\t\t\t\t<\/div> \n\t\t\t\n\t\t\t\t<div id=\"ngg-image-1\" class=\"ngg-gallery-thumbnail-box \" >\n\t\t\t\t        <div class=\"ngg-gallery-thumbnail\">\n            <a href=\"https:\/\/otopo.org\/wp-content\/gallery\/genet\/site-1.jpg\"\n               title=\"\"\n               data-src=\"https:\/\/otopo.org\/wp-content\/gallery\/genet\/site-1.jpg\"\n               data-thumbnail=\"https:\/\/otopo.org\/wp-content\/gallery\/genet\/thumbs\/thumbs_site-1.jpg\"\n               data-image-id=\"250\"\n               data-title=\"site-1\"\n               data-description=\"\"\n               data-image-slug=\"site-1\"\n               class=\"ngg-simplelightbox\" rel=\"25a54a2ef6b81f71d55ae2278a0fafd9\">\n                <img\n                    title=\"site-1\"\n                    alt=\"site-1\"\n                    src=\"https:\/\/otopo.org\/wp-content\/gallery\/genet\/thumbs\/thumbs_site-1.jpg\"\n                    width=\"240\"\n                    height=\"160\"\n                    style=\"max-width:100%;\"\n                \/>\n            <\/a>\n        <\/div>\n\t\t\t\t\t\t\t<\/div> \n\t\t\t\n\t\t\t\t<div id=\"ngg-image-2\" class=\"ngg-gallery-thumbnail-box \" >\n\t\t\t\t        <div class=\"ngg-gallery-thumbnail\">\n            <a href=\"https:\/\/otopo.org\/wp-content\/gallery\/genet\/site.jpg\"\n               title=\"\"\n               data-src=\"https:\/\/otopo.org\/wp-content\/gallery\/genet\/site.jpg\"\n               data-thumbnail=\"https:\/\/otopo.org\/wp-content\/gallery\/genet\/thumbs\/thumbs_site.jpg\"\n               data-image-id=\"251\"\n               data-title=\"site\"\n               data-description=\"\"\n               data-image-slug=\"site-2\"\n               class=\"ngg-simplelightbox\" rel=\"25a54a2ef6b81f71d55ae2278a0fafd9\">\n                <img\n                    title=\"site\"\n                    alt=\"site\"\n                    src=\"https:\/\/otopo.org\/wp-content\/gallery\/genet\/thumbs\/thumbs_site.jpg\"\n                    width=\"240\"\n                    height=\"160\"\n                    style=\"max-width:100%;\"\n                \/>\n            <\/a>\n        <\/div>\n\t\t\t\t\t\t\t<\/div> \n\t\t\t\n\t\t\t\t<div id=\"ngg-image-3\" class=\"ngg-gallery-thumbnail-box \" >\n\t\t\t\t        <div class=\"ngg-gallery-thumbnail\">\n            <a href=\"https:\/\/otopo.org\/wp-content\/gallery\/genet\/Projet.png\"\n               title=\"\"\n               data-src=\"https:\/\/otopo.org\/wp-content\/gallery\/genet\/Projet.png\"\n               data-thumbnail=\"https:\/\/otopo.org\/wp-content\/gallery\/genet\/thumbs\/thumbs_Projet.png\"\n               data-image-id=\"249\"\n               data-title=\"Projet\"\n               data-description=\"\"\n               data-image-slug=\"projet-9\"\n               class=\"ngg-simplelightbox\" rel=\"25a54a2ef6b81f71d55ae2278a0fafd9\">\n                <img\n                    title=\"Projet\"\n                    alt=\"Projet\"\n                    src=\"https:\/\/otopo.org\/wp-content\/gallery\/genet\/thumbs\/thumbs_Projet.png\"\n                    width=\"240\"\n                    height=\"160\"\n                    style=\"max-width:100%;\"\n                \/>\n            <\/a>\n        <\/div>\n\t\t\t\t\t\t\t<\/div> \n\t\t\t\n\t\t\t\t<div id=\"ngg-image-4\" class=\"ngg-gallery-thumbnail-box \" >\n\t\t\t\t        <div class=\"ngg-gallery-thumbnail\">\n            <a href=\"https:\/\/otopo.org\/wp-content\/gallery\/genet\/Projet-1.png\"\n               title=\"\"\n               data-src=\"https:\/\/otopo.org\/wp-content\/gallery\/genet\/Projet-1.png\"\n               data-thumbnail=\"https:\/\/otopo.org\/wp-content\/gallery\/genet\/thumbs\/thumbs_Projet-1.png\"\n               data-image-id=\"248\"\n               data-title=\"Projet-1\"\n               data-description=\"\"\n               data-image-slug=\"projet-1\"\n               class=\"ngg-simplelightbox\" rel=\"25a54a2ef6b81f71d55ae2278a0fafd9\">\n                <img\n                    title=\"Projet-1\"\n                    alt=\"Projet-1\"\n                    src=\"https:\/\/otopo.org\/wp-content\/gallery\/genet\/thumbs\/thumbs_Projet-1.png\"\n                    width=\"240\"\n                    height=\"160\"\n                    style=\"max-width:100%;\"\n                \/>\n            <\/a>\n        <\/div>\n\t\t\t\t\t\t\t<\/div> \n\t\t\t\n\t\t\t\t<div id=\"ngg-image-5\" class=\"ngg-gallery-thumbnail-box \" >\n\t\t\t\t        <div class=\"ngg-gallery-thumbnail\">\n            <a href=\"https:\/\/otopo.org\/wp-content\/gallery\/genet\/Projet-2.png\"\n               title=\"\"\n               data-src=\"https:\/\/otopo.org\/wp-content\/gallery\/genet\/Projet-2.png\"\n               data-thumbnail=\"https:\/\/otopo.org\/wp-content\/gallery\/genet\/thumbs\/thumbs_Projet-2.png\"\n               data-image-id=\"244\"\n               data-title=\"Projet-2\"\n               data-description=\"\"\n               data-image-slug=\"projet-2\"\n               class=\"ngg-simplelightbox\" rel=\"25a54a2ef6b81f71d55ae2278a0fafd9\">\n                <img\n                    title=\"Projet-2\"\n                    alt=\"Projet-2\"\n                    src=\"https:\/\/otopo.org\/wp-content\/gallery\/genet\/thumbs\/thumbs_Projet-2.png\"\n                    width=\"240\"\n                    height=\"160\"\n                    style=\"max-width:100%;\"\n                \/>\n            <\/a>\n        <\/div>\n\t\t\t\t\t\t\t<\/div> \n\t\t\t\n\t\t\t\t<div id=\"ngg-image-6\" class=\"ngg-gallery-thumbnail-box \" >\n\t\t\t\t        <div class=\"ngg-gallery-thumbnail\">\n            <a href=\"https:\/\/otopo.org\/wp-content\/gallery\/genet\/Projet-3.png\"\n               title=\"\"\n               data-src=\"https:\/\/otopo.org\/wp-content\/gallery\/genet\/Projet-3.png\"\n               data-thumbnail=\"https:\/\/otopo.org\/wp-content\/gallery\/genet\/thumbs\/thumbs_Projet-3.png\"\n               data-image-id=\"247\"\n               data-title=\"Projet-3\"\n               data-description=\"\"\n               data-image-slug=\"projet-3\"\n               class=\"ngg-simplelightbox\" rel=\"25a54a2ef6b81f71d55ae2278a0fafd9\">\n                <img\n                    title=\"Projet-3\"\n                    alt=\"Projet-3\"\n                    src=\"https:\/\/otopo.org\/wp-content\/gallery\/genet\/thumbs\/thumbs_Projet-3.png\"\n                    width=\"240\"\n                    height=\"160\"\n                    style=\"max-width:100%;\"\n                \/>\n            <\/a>\n        <\/div>\n\t\t\t\t\t\t\t<\/div> \n\t\t\t\n\t\t\t\t<div id=\"ngg-image-7\" class=\"ngg-gallery-thumbnail-box \" >\n\t\t\t\t        <div class=\"ngg-gallery-thumbnail\">\n            <a href=\"https:\/\/otopo.org\/wp-content\/gallery\/genet\/Projet-4.png\"\n               title=\"\"\n               data-src=\"https:\/\/otopo.org\/wp-content\/gallery\/genet\/Projet-4.png\"\n               data-thumbnail=\"https:\/\/otopo.org\/wp-content\/gallery\/genet\/thumbs\/thumbs_Projet-4.png\"\n               data-image-id=\"246\"\n               data-title=\"Projet-4\"\n               data-description=\"\"\n               data-image-slug=\"projet-4\"\n               class=\"ngg-simplelightbox\" rel=\"25a54a2ef6b81f71d55ae2278a0fafd9\">\n                <img\n                    title=\"Projet-4\"\n                    alt=\"Projet-4\"\n                    src=\"https:\/\/otopo.org\/wp-content\/gallery\/genet\/thumbs\/thumbs_Projet-4.png\"\n                    width=\"240\"\n                    height=\"160\"\n                    style=\"max-width:100%;\"\n                \/>\n            <\/a>\n        <\/div>\n\t\t\t\t\t\t\t<\/div> \n\t\t\t\n\t\t\t\t<div id=\"ngg-image-8\" class=\"ngg-gallery-thumbnail-box \" >\n\t\t\t\t        <div class=\"ngg-gallery-thumbnail\">\n            <a href=\"https:\/\/otopo.org\/wp-content\/gallery\/genet\/Projet-5.png\"\n               title=\"\"\n               data-src=\"https:\/\/otopo.org\/wp-content\/gallery\/genet\/Projet-5.png\"\n               data-thumbnail=\"https:\/\/otopo.org\/wp-content\/gallery\/genet\/thumbs\/thumbs_Projet-5.png\"\n               data-image-id=\"242\"\n               data-title=\"Projet-5\"\n               data-description=\"\"\n               data-image-slug=\"projet-5\"\n               class=\"ngg-simplelightbox\" rel=\"25a54a2ef6b81f71d55ae2278a0fafd9\">\n                <img\n                    title=\"Projet-5\"\n                    alt=\"Projet-5\"\n                    src=\"https:\/\/otopo.org\/wp-content\/gallery\/genet\/thumbs\/thumbs_Projet-5.png\"\n                    width=\"240\"\n                    height=\"160\"\n                    style=\"max-width:100%;\"\n                \/>\n            <\/a>\n        <\/div>\n\t\t\t\t\t\t\t<\/div> \n\t\t\t\n\t\t\t\t<div id=\"ngg-image-9\" class=\"ngg-gallery-thumbnail-box \" >\n\t\t\t\t        <div class=\"ngg-gallery-thumbnail\">\n            <a href=\"https:\/\/otopo.org\/wp-content\/gallery\/genet\/Projet-6.png\"\n               title=\"\"\n               data-src=\"https:\/\/otopo.org\/wp-content\/gallery\/genet\/Projet-6.png\"\n               data-thumbnail=\"https:\/\/otopo.org\/wp-content\/gallery\/genet\/thumbs\/thumbs_Projet-6.png\"\n               data-image-id=\"241\"\n               data-title=\"Projet-6\"\n               data-description=\"\"\n               data-image-slug=\"projet-6\"\n               class=\"ngg-simplelightbox\" rel=\"25a54a2ef6b81f71d55ae2278a0fafd9\">\n                <img\n                    title=\"Projet-6\"\n                    alt=\"Projet-6\"\n                    src=\"https:\/\/otopo.org\/wp-content\/gallery\/genet\/thumbs\/thumbs_Projet-6.png\"\n                    width=\"240\"\n                    height=\"160\"\n                    style=\"max-width:100%;\"\n                \/>\n            <\/a>\n        <\/div>\n\t\t\t\t\t\t\t<\/div> \n\t\t\t\n\t\t\t\t<div id=\"ngg-image-10\" class=\"ngg-gallery-thumbnail-box \" >\n\t\t\t\t        <div class=\"ngg-gallery-thumbnail\">\n            <a href=\"https:\/\/otopo.org\/wp-content\/gallery\/genet\/Projet-7.png\"\n               title=\"\"\n               data-src=\"https:\/\/otopo.org\/wp-content\/gallery\/genet\/Projet-7.png\"\n               data-thumbnail=\"https:\/\/otopo.org\/wp-content\/gallery\/genet\/thumbs\/thumbs_Projet-7.png\"\n               data-image-id=\"245\"\n               data-title=\"Projet-7\"\n               data-description=\"\"\n               data-image-slug=\"projet-7\"\n               class=\"ngg-simplelightbox\" rel=\"25a54a2ef6b81f71d55ae2278a0fafd9\">\n                <img\n                    title=\"Projet-7\"\n                    alt=\"Projet-7\"\n                    src=\"https:\/\/otopo.org\/wp-content\/gallery\/genet\/thumbs\/thumbs_Projet-7.png\"\n                    width=\"240\"\n                    height=\"160\"\n                    style=\"max-width:100%;\"\n                \/>\n            <\/a>\n        <\/div>\n\t\t\t\t\t\t\t<\/div> \n\t\t\t\n\t\t\t\t<div id=\"ngg-image-11\" class=\"ngg-gallery-thumbnail-box \" >\n\t\t\t\t        <div class=\"ngg-gallery-thumbnail\">\n            <a href=\"https:\/\/otopo.org\/wp-content\/gallery\/genet\/Projet-8.png\"\n               title=\"\"\n               data-src=\"https:\/\/otopo.org\/wp-content\/gallery\/genet\/Projet-8.png\"\n               data-thumbnail=\"https:\/\/otopo.org\/wp-content\/gallery\/genet\/thumbs\/thumbs_Projet-8.png\"\n               data-image-id=\"243\"\n               data-title=\"Projet-8\"\n               data-description=\"\"\n               data-image-slug=\"projet-8\"\n               class=\"ngg-simplelightbox\" rel=\"25a54a2ef6b81f71d55ae2278a0fafd9\">\n                <img\n                    title=\"Projet-8\"\n                    alt=\"Projet-8\"\n                    src=\"https:\/\/otopo.org\/wp-content\/gallery\/genet\/thumbs\/thumbs_Projet-8.png\"\n                    width=\"240\"\n                    height=\"160\"\n                    style=\"max-width:100%;\"\n                \/>\n            <\/a>\n        <\/div>\n\t\t\t\t\t\t\t<\/div> \n\t\t\t\n\t\n\t<br style=\"clear: both\" \/>\n\n\t\n\t\t<!-- Pagination -->\n\t<div class='ngg-clear'><\/div>\t<\/div>\n\n","protected":false},"excerpt":{"rendered":"<p>2024 #prospective, #r\u00e9silience, #transition \u00ab\u00a0Nous avons \u00e9t\u00e9 r\u00e9compens\u00e9s dans cet appel \u00e0 id\u00e9es organis\u00e9 par le d\u00e9partement de la Manche et le CAUE de la Manche, concernant la commune littorale de Genet, proche du Mont Saint-Michel. L&rsquo;initiative \u00ab\u00a0Empreintes, habiter le littoral manchois en 2050\u00a0\u00bb s&rsquo;inscrit dans le d\u00e9fi de l&rsquo;\u00e9l\u00e9vation du niveau de la mer [&hellip;]<\/p>\n","protected":false},"author":1,"featured_media":0,"parent":0,"menu_order":0,"comment_status":"closed","ping_status":"closed","template":"","meta":{"ngg_post_thumbnail":0,"footnotes":""},"class_list":["post-1075","page","type-page","status-publish","hentry"],"yoast_head":"<!-- This site is optimized with the Yoast SEO plugin v21.2 - https:\/\/yoast.com\/wordpress\/plugins\/seo\/ -->\n<title>Gen\u00eats 2050 - 2100. Un comit\u00e9 de submersion comme projet pilote d&#039;une vie avec l&#039;eau. - otopo<\/title>\n<meta name=\"robots\" content=\"index, follow, max-snippet:-1, max-image-preview:large, max-video-preview:-1\" \/>\n<link rel=\"canonical\" href=\"https:\/\/otopo.org\/index.php\/genets-2050-2100-un-comite-de-submersion-comme-projet-pilote-dune-vie-avec-leau\/\" \/>\n<meta property=\"og:locale\" content=\"fr_FR\" \/>\n<meta property=\"og:type\" content=\"article\" \/>\n<meta property=\"og:title\" content=\"Gen\u00eats 2050 - 2100. Un comit\u00e9 de submersion comme projet pilote d&#039;une vie avec l&#039;eau. - otopo\" \/>\n<meta property=\"og:description\" content=\"2024 #prospective, #r\u00e9silience, #transition \u00ab\u00a0Nous avons \u00e9t\u00e9 r\u00e9compens\u00e9s dans cet appel \u00e0 id\u00e9es organis\u00e9 par le d\u00e9partement de la Manche et le CAUE de la Manche, concernant la commune littorale de Genet, proche du Mont Saint-Michel. L&rsquo;initiative \u00ab\u00a0Empreintes, habiter le littoral manchois en 2050\u00a0\u00bb s&rsquo;inscrit dans le d\u00e9fi de l&rsquo;\u00e9l\u00e9vation du niveau de la mer [&hellip;]\" \/>\n<meta property=\"og:url\" content=\"https:\/\/otopo.org\/index.php\/genets-2050-2100-un-comite-de-submersion-comme-projet-pilote-dune-vie-avec-leau\/\" \/>\n<meta property=\"og:site_name\" content=\"otopo\" \/>\n<meta property=\"article:modified_time\" content=\"2024-05-13T12:22:36+00:00\" \/>\n<meta name=\"twitter:card\" content=\"summary_large_image\" \/>\n<script type=\"application\/ld+json\" class=\"yoast-schema-graph\">{\"@context\":\"https:\/\/schema.org\",\"@graph\":[{\"@type\":\"WebPage\",\"@id\":\"https:\/\/otopo.org\/index.php\/genets-2050-2100-un-comite-de-submersion-comme-projet-pilote-dune-vie-avec-leau\/\",\"url\":\"https:\/\/otopo.org\/index.php\/genets-2050-2100-un-comite-de-submersion-comme-projet-pilote-dune-vie-avec-leau\/\",\"name\":\"Gen\u00eats 2050 - 2100. Un comit\u00e9 de submersion comme projet pilote d'une vie avec l'eau. - otopo\",\"isPartOf\":{\"@id\":\"https:\/\/otopo.org\/#website\"},\"datePublished\":\"2024-05-13T12:22:35+00:00\",\"dateModified\":\"2024-05-13T12:22:36+00:00\",\"breadcrumb\":{\"@id\":\"https:\/\/otopo.org\/index.php\/genets-2050-2100-un-comite-de-submersion-comme-projet-pilote-dune-vie-avec-leau\/#breadcrumb\"},\"inLanguage\":\"fr-FR\",\"potentialAction\":[{\"@type\":\"ReadAction\",\"target\":[\"https:\/\/otopo.org\/index.php\/genets-2050-2100-un-comite-de-submersion-comme-projet-pilote-dune-vie-avec-leau\/\"]}]},{\"@type\":\"BreadcrumbList\",\"@id\":\"https:\/\/otopo.org\/index.php\/genets-2050-2100-un-comite-de-submersion-comme-projet-pilote-dune-vie-avec-leau\/#breadcrumb\",\"itemListElement\":[{\"@type\":\"ListItem\",\"position\":1,\"name\":\"Accueil\",\"item\":\"https:\/\/otopo.org\/\"},{\"@type\":\"ListItem\",\"position\":2,\"name\":\"Gen\u00eats 2050 &#8211; 2100. Un comit\u00e9 de submersion comme projet pilote d&rsquo;une vie avec l&rsquo;eau.\"}]},{\"@type\":\"WebSite\",\"@id\":\"https:\/\/otopo.org\/#website\",\"url\":\"https:\/\/otopo.org\/\",\"name\":\"otopo\",\"description\":\"urbanisme - programmation - concertation\",\"publisher\":{\"@id\":\"https:\/\/otopo.org\/#organization\"},\"potentialAction\":[{\"@type\":\"SearchAction\",\"target\":{\"@type\":\"EntryPoint\",\"urlTemplate\":\"https:\/\/otopo.org\/?s={search_term_string}\"},\"query-input\":\"required name=search_term_string\"}],\"inLanguage\":\"fr-FR\"},{\"@type\":\"Organization\",\"@id\":\"https:\/\/otopo.org\/#organization\",\"name\":\"otopo\",\"url\":\"https:\/\/otopo.org\/\",\"logo\":{\"@type\":\"ImageObject\",\"inLanguage\":\"fr-FR\",\"@id\":\"https:\/\/otopo.org\/#\/schema\/logo\/image\/\",\"url\":\"https:\/\/otopo.org\/wp-content\/uploads\/2023\/09\/LOGO-VECTO-2-VERT-1.png\",\"contentUrl\":\"https:\/\/otopo.org\/wp-content\/uploads\/2023\/09\/LOGO-VECTO-2-VERT-1.png\",\"width\":15083,\"height\":3435,\"caption\":\"otopo\"},\"image\":{\"@id\":\"https:\/\/otopo.org\/#\/schema\/logo\/image\/\"}}]}<\/script>\n<!-- \/ Yoast SEO plugin. -->","yoast_head_json":{"title":"Gen\u00eats 2050 - 2100. Un comit\u00e9 de submersion comme projet pilote d'une vie avec l'eau. - otopo","robots":{"index":"index","follow":"follow","max-snippet":"max-snippet:-1","max-image-preview":"max-image-preview:large","max-video-preview":"max-video-preview:-1"},"canonical":"https:\/\/otopo.org\/index.php\/genets-2050-2100-un-comite-de-submersion-comme-projet-pilote-dune-vie-avec-leau\/","og_locale":"fr_FR","og_type":"article","og_title":"Gen\u00eats 2050 - 2100. Un comit\u00e9 de submersion comme projet pilote d'une vie avec l'eau. - otopo","og_description":"2024 #prospective, #r\u00e9silience, #transition \u00ab\u00a0Nous avons \u00e9t\u00e9 r\u00e9compens\u00e9s dans cet appel \u00e0 id\u00e9es organis\u00e9 par le d\u00e9partement de la Manche et le CAUE de la Manche, concernant la commune littorale de Genet, proche du Mont Saint-Michel. L&rsquo;initiative \u00ab\u00a0Empreintes, habiter le littoral manchois en 2050\u00a0\u00bb s&rsquo;inscrit dans le d\u00e9fi de l&rsquo;\u00e9l\u00e9vation du niveau de la mer [&hellip;]","og_url":"https:\/\/otopo.org\/index.php\/genets-2050-2100-un-comite-de-submersion-comme-projet-pilote-dune-vie-avec-leau\/","og_site_name":"otopo","article_modified_time":"2024-05-13T12:22:36+00:00","twitter_card":"summary_large_image","schema":{"@context":"https:\/\/schema.org","@graph":[{"@type":"WebPage","@id":"https:\/\/otopo.org\/index.php\/genets-2050-2100-un-comite-de-submersion-comme-projet-pilote-dune-vie-avec-leau\/","url":"https:\/\/otopo.org\/index.php\/genets-2050-2100-un-comite-de-submersion-comme-projet-pilote-dune-vie-avec-leau\/","name":"Gen\u00eats 2050 - 2100. Un comit\u00e9 de submersion comme projet pilote d'une vie avec l'eau. - otopo","isPartOf":{"@id":"https:\/\/otopo.org\/#website"},"datePublished":"2024-05-13T12:22:35+00:00","dateModified":"2024-05-13T12:22:36+00:00","breadcrumb":{"@id":"https:\/\/otopo.org\/index.php\/genets-2050-2100-un-comite-de-submersion-comme-projet-pilote-dune-vie-avec-leau\/#breadcrumb"},"inLanguage":"fr-FR","potentialAction":[{"@type":"ReadAction","target":["https:\/\/otopo.org\/index.php\/genets-2050-2100-un-comite-de-submersion-comme-projet-pilote-dune-vie-avec-leau\/"]}]},{"@type":"BreadcrumbList","@id":"https:\/\/otopo.org\/index.php\/genets-2050-2100-un-comite-de-submersion-comme-projet-pilote-dune-vie-avec-leau\/#breadcrumb","itemListElement":[{"@type":"ListItem","position":1,"name":"Accueil","item":"https:\/\/otopo.org\/"},{"@type":"ListItem","position":2,"name":"Gen\u00eats 2050 &#8211; 2100. Un comit\u00e9 de submersion comme projet pilote d&rsquo;une vie avec l&rsquo;eau."}]},{"@type":"WebSite","@id":"https:\/\/otopo.org\/#website","url":"https:\/\/otopo.org\/","name":"otopo","description":"urbanisme - programmation - concertation","publisher":{"@id":"https:\/\/otopo.org\/#organization"},"potentialAction":[{"@type":"SearchAction","target":{"@type":"EntryPoint","urlTemplate":"https:\/\/otopo.org\/?s={search_term_string}"},"query-input":"required name=search_term_string"}],"inLanguage":"fr-FR"},{"@type":"Organization","@id":"https:\/\/otopo.org\/#organization","name":"otopo","url":"https:\/\/otopo.org\/","logo":{"@type":"ImageObject","inLanguage":"fr-FR","@id":"https:\/\/otopo.org\/#\/schema\/logo\/image\/","url":"https:\/\/otopo.org\/wp-content\/uploads\/2023\/09\/LOGO-VECTO-2-VERT-1.png","contentUrl":"https:\/\/otopo.org\/wp-content\/uploads\/2023\/09\/LOGO-VECTO-2-VERT-1.png","width":15083,"height":3435,"caption":"otopo"},"image":{"@id":"https:\/\/otopo.org\/#\/schema\/logo\/image\/"}}]}},"_links":{"self":[{"href":"https:\/\/otopo.org\/index.php\/wp-json\/wp\/v2\/pages\/1075","targetHints":{"allow":["GET"]}}],"collection":[{"href":"https:\/\/otopo.org\/index.php\/wp-json\/wp\/v2\/pages"}],"about":[{"href":"https:\/\/otopo.org\/index.php\/wp-json\/wp\/v2\/types\/page"}],"author":[{"embeddable":true,"href":"https:\/\/otopo.org\/index.php\/wp-json\/wp\/v2\/users\/1"}],"replies":[{"embeddable":true,"href":"https:\/\/otopo.org\/index.php\/wp-json\/wp\/v2\/comments?post=1075"}],"version-history":[{"count":1,"href":"https:\/\/otopo.org\/index.php\/wp-json\/wp\/v2\/pages\/1075\/revisions"}],"predecessor-version":[{"id":1090,"href":"https:\/\/otopo.org\/index.php\/wp-json\/wp\/v2\/pages\/1075\/revisions\/1090"}],"wp:attachment":[{"href":"https:\/\/otopo.org\/index.php\/wp-json\/wp\/v2\/media?parent=1075"}],"curies":[{"name":"wp","href":"https:\/\/api.w.org\/{rel}","templated":true}]}}